{"id":10910,"date":"2017-10-16T04:10:26","date_gmt":"2017-10-16T02:10:26","guid":{"rendered":"https:\/\/truemoments.ch\/empresa\/"},"modified":"2025-11-07T12:41:49","modified_gmt":"2025-11-07T11:41:49","slug":"empresa","status":"publish","type":"page","link":"https:\/\/truemoments.ch\/es\/empresa\/","title":{"rendered":"Empresa"},"content":{"rendered":"<section class=\"wpb-content-wrapper\"><p>[vc_row css=\u00bb.vc_custom_1558754119849{background-image: url(https:\/\/truemoments.ch\/wp-content\/uploads\/2019\/05\/main-bg-1.png?id=8860) !important;background-position: center !important;background-repeat: no-repeat !important;background-size: cover !important;}\u00bb el_id=\u00bbfirst-row\u00bb][vc_column]\r\n\t<div class=\"bauer-spacer clearfix\" data-desktop=\"94\" data-mobi=\"60\" data-smobi=\"60\"><\/div>[vc_row_inner][vc_column_inner width=\u00bb1\/2&#8243;]\r\n\t<div class=\"bauer-spacer clearfix\" data-desktop=\"55\" data-mobi=\"40\" data-smobi=\"40\"><\/div><h2 class=\"bauer-text clearfix \" style=\"font-size:42px;line-height:50px;margin-bottom:32px;\"><p><span class=\"font-weight-300\">Nos <\/span>apasiona lo que hacemos!<\/p>\n<\/h2><div class=\"bauer-text clearfix \" style=\"\"><p>Fiabilidad, eficiencia y experiencia: son los valores sobre los que construimos el \u00e9xito de nuestros clientes. Para nosotros es natural que puedan contar con nosotros. Con el objetivo de que nuestros socios alcancen siempre los mejores resultados posibles, nos entregamos con pasi\u00f3n y un compromiso excepcional.  <\/p>\n<p>Con conocimientos especializados y una marcada vocaci\u00f3n de servicio, respondemos de forma personalizada a las necesidades de nuestros clientes, poniendo toda nuestra pasi\u00f3n en cada proyecto.<\/p>\n<\/div>\r\n\t<div class=\"bauer-spacer clearfix\" data-desktop=\"60\" data-mobi=\"30\" data-smobi=\"30\"><\/div>[\/vc_column_inner][vc_column_inner width=\u00bb1\/2&#8243;]\r\n\t<div class=\"bauer-spacer clearfix\" data-desktop=\"55\" data-mobi=\"40\" data-smobi=\"40\"><\/div><div class=\"bauer-simple-image text-center\" style=\"\" >\r\n\t\t\t<img decoding=\"async\" alt=\"image\" src=\"https:\/\/truemoments.ch\/wp-content\/uploads\/2023\/02\/Layout_truemoments021.jpg\" \/> \r\n\t\t<\/div>[\/vc_column_inner][\/vc_row_inner]\r\n\t<div class=\"bauer-spacer clearfix\" data-desktop=\"100\" data-mobi=\"60\" data-smobi=\"60\"><\/div>[\/vc_column][\/vc_row][vc_section css=\u00bb.vc_custom_1687433645270{background-color: #f9fafc !important;}\u00bb][vc_row][vc_column]\r\n\t<div class=\"bauer-spacer clearfix\" data-desktop=\"30\" data-mobi=\"30\" data-smobi=\"30\"><\/div><div class=\"bauer-single-heading clearfix text-center\" style=\"margin-bottom:24px;\"><span class=\"inner\"><span class=\"heading clearfix \" style=\"font-weight:600;color:#009dd8;font-size:18px;\">\r\n\t\tREFERENCIAS\r\n\t<\/span><\/span><\/div><h2 class=\"bauer-text clearfix text-center\" style=\"font-size:42px;line-height:50px;margin-bottom:30px;max-width:760px;margin-left: auto; margin-right: auto;\"><p><span class=\"font-weight-300\">Lo que<\/span> nuestros clientes <span class=\"font-weight-300\">dicen sobre nosotros<\/span><\/p>\n<\/h2>[\/vc_column][\/vc_row][vc_row el_id=\u00bbjd_add\u00bb css=\u00bb.vc_custom_1751307226865{background-image: url(https:\/\/truemoments.ch\/wp-content\/uploads\/2023\/06\/My-project.png?id=10487) !important;background-position: 0 0 !important;background-repeat: no-repeat !important;}\u00bb][vc_column width=\u00bb1\/4&#8243;][\/vc_column][vc_column width=\u00bb3\/4&#8243;]\r\n\t<div class=\"bauer-spacer clearfix\" data-desktop=\"60\" data-mobi=\"40\" data-smobi=\"40\"><\/div><div class=\"bauer-carousel-box arrow-style-1 arrow-center offset50 offset-v0 has-bullets has-arrows arrow50 bullet25\" data-auto=\"true\" data-loop=\"false\" data-gap=\"30\" data-column=\"2\" data-column2=\"2\" data-column3=\"1\">\r\n        <div class=\"owl-carousel owl-theme\"><div class=\"bauer-testimonials light clearfix style-1 simple\" style=\"\">\r\n        <div class=\"inner\" style=\"padding:38px 30px 30px 30px;border-radius:5px;\">\r\n\t    <div class=\"image-wrap\">\r\n\t    \t<div class=\"thumb\" style=\"max-width:100px;margin-bottom:26px;\"><img loading=\"lazy\" decoding=\"async\" width=\"600\" height=\"600\" src=\"https:\/\/truemoments.ch\/wp-content\/uploads\/2025\/06\/Star.png\" class=\"attachment-full size-full\" alt=\"\" srcset=\"https:\/\/truemoments.ch\/wp-content\/uploads\/2025\/06\/Star.png 600w, https:\/\/truemoments.ch\/wp-content\/uploads\/2025\/06\/Star-300x300.png 300w, https:\/\/truemoments.ch\/wp-content\/uploads\/2025\/06\/Star-150x150.png 150w, https:\/\/truemoments.ch\/wp-content\/uploads\/2025\/06\/Star-480x480.png 480w, https:\/\/truemoments.ch\/wp-content\/uploads\/2025\/06\/Star-140x140.png 140w, https:\/\/truemoments.ch\/wp-content\/uploads\/2025\/06\/Star-550x550.png 550w, https:\/\/truemoments.ch\/wp-content\/uploads\/2025\/06\/Star-100x100.png 100w\" sizes=\"auto, (max-width: 600px) 100vw, 600px\" \/><\/div>\r\n\t    <\/div>\r\n\t    <div class=\"name-wrap\" style=\"margin-bottom:18px;\">\r\n\t    \t<div class=\"name-pos\" style=\"\"><h6 class=\"name\" style=\"\"><span>Cliente internacional desde hace m\u00e1s de 15 a\u00f1os \u2013 Electr\u00f3nica de consumo<\/span><\/h6> <span class=\"position\" style=\"\">Product Manager DACH \u2013 Marketing \/ Trade Marketing<\/span><\/div>\r\n\t    <\/div>\r\n\t    <div class=\"text-wrap\">\r\n\t    <blockquote class=\"text\" style=\"font-style:normal;\"><p>True Moments ha sido nuestro socio desde el primer d\u00eda en el \u00e1rea de merchandising y consultor\u00eda especializada en electr\u00f3nica de consumo. Valoramos enormemente su flexibilidad y su enfoque pragm\u00e1tico orientado a soluciones.<\/p>\n<\/blockquote>\r\n\t    <\/div>\r\n    <\/div>\r\n    <\/div><div class=\"bauer-testimonials light clearfix style-1 simple\" style=\"\">\r\n        <div class=\"inner\" style=\"padding:38px 30px 30px 30px;border-radius:5px;\">\r\n\t    <div class=\"image-wrap\">\r\n\t    \t<div class=\"thumb\" style=\"max-width:100px;margin-bottom:26px;\"><img loading=\"lazy\" decoding=\"async\" width=\"600\" height=\"600\" src=\"https:\/\/truemoments.ch\/wp-content\/uploads\/2025\/06\/Star.png\" class=\"attachment-full size-full\" alt=\"\" srcset=\"https:\/\/truemoments.ch\/wp-content\/uploads\/2025\/06\/Star.png 600w, https:\/\/truemoments.ch\/wp-content\/uploads\/2025\/06\/Star-300x300.png 300w, https:\/\/truemoments.ch\/wp-content\/uploads\/2025\/06\/Star-150x150.png 150w, https:\/\/truemoments.ch\/wp-content\/uploads\/2025\/06\/Star-480x480.png 480w, https:\/\/truemoments.ch\/wp-content\/uploads\/2025\/06\/Star-140x140.png 140w, https:\/\/truemoments.ch\/wp-content\/uploads\/2025\/06\/Star-550x550.png 550w, https:\/\/truemoments.ch\/wp-content\/uploads\/2025\/06\/Star-100x100.png 100w\" sizes=\"auto, (max-width: 600px) 100vw, 600px\" \/><\/div>\r\n\t    <\/div>\r\n\t    <div class=\"name-wrap\" style=\"margin-bottom:18px;\">\r\n\t    \t<div class=\"name-pos\" style=\"\"><h6 class=\"name\" style=\"\"><span>Cliente internacional de larga trayectoria \u2013 Tecnolog\u00eda deportiva y outdoor<\/span><\/h6> <span class=\"position\" style=\"\">Key Account Manager DACH \u2013 Accesorios deportivos premium<\/span><\/div>\r\n\t    <\/div>\r\n\t    <div class=\"text-wrap\">\r\n\t    <blockquote class=\"text\" style=\"font-style:normal;\"><p>Llevamos tiempo colaborando con True Moments GmbH de Suiza y valoramos profundamente esta cooperaci\u00f3n. La agencia destaca por su enfoque claro en el contacto con clientes de alta calidad y la ejecuci\u00f3n coherente con nuestra marca \u2014 siempre profesional, confiable y con altos est\u00e1ndares de calidad y servicio. <\/p>\n<p>El equipo de True Moments trabaja con compromiso y orientaci\u00f3n a soluciones \u2014 tanto en despliegues a nivel nacional como en acciones puntuales en la Suiza alemana. Cabe destacar sus estructuras flexibles y sus procesos de decisi\u00f3n \u00e1giles, que permiten ejecutar r\u00e1pidamente incluso las solicitudes de \u00faltimo momento. <\/p>\n<p>True Moments nos ha brindado un s\u00f3lido apoyo en la gesti\u00f3n del sell-in, la excelencia en el punto de venta, el soporte de ventas y las promociones \u2014 contribuyendo de manera decisiva a la presencia exitosa de nuestra marca en el retail.<\/p>\n<p>Recomendamos sin reservas la colaboraci\u00f3n con True Moments.<\/p>\n<\/blockquote>\r\n\t    <\/div>\r\n    <\/div>\r\n    <\/div><div class=\"bauer-testimonials light clearfix style-1 simple\" style=\"\">\r\n        <div class=\"inner\" style=\"padding:38px 30px 30px 30px;border-radius:5px;\">\r\n\t    <div class=\"image-wrap\">\r\n\t    \t<div class=\"thumb\" style=\"max-width:100px;margin-bottom:26px;\"><img loading=\"lazy\" decoding=\"async\" width=\"600\" height=\"600\" src=\"https:\/\/truemoments.ch\/wp-content\/uploads\/2025\/06\/Star.png\" class=\"attachment-full size-full\" alt=\"\" srcset=\"https:\/\/truemoments.ch\/wp-content\/uploads\/2025\/06\/Star.png 600w, https:\/\/truemoments.ch\/wp-content\/uploads\/2025\/06\/Star-300x300.png 300w, https:\/\/truemoments.ch\/wp-content\/uploads\/2025\/06\/Star-150x150.png 150w, https:\/\/truemoments.ch\/wp-content\/uploads\/2025\/06\/Star-480x480.png 480w, https:\/\/truemoments.ch\/wp-content\/uploads\/2025\/06\/Star-140x140.png 140w, https:\/\/truemoments.ch\/wp-content\/uploads\/2025\/06\/Star-550x550.png 550w, https:\/\/truemoments.ch\/wp-content\/uploads\/2025\/06\/Star-100x100.png 100w\" sizes=\"auto, (max-width: 600px) 100vw, 600px\" \/><\/div>\r\n\t    <\/div>\r\n\t    <div class=\"name-wrap\" style=\"margin-bottom:18px;\">\r\n\t    \t<div class=\"name-pos\" style=\"\"><h6 class=\"name\" style=\"\"><span>Cliente internacional de larga trayectoria \u2014 sector Health Tech: cuidado personal, tecnolog\u00eda m\u00e9dica y lifestyle.<\/span><\/h6> <span class=\"position\" style=\"\">Directora general&lt;br&gt;<\/span><\/div>\r\n\t    <\/div>\r\n\t    <div class=\"text-wrap\">\r\n\t    <blockquote class=\"text\" style=\"font-style:normal;\"><p><span>Colaboramos con True Moments desde hace varios a\u00f1os y valoramos mucho esta colaboraci\u00f3n. Marcel Niedermann y su equipo demuestran gran profesionalidad, fiabilidad, amplia experiencia y una forma de trabajar agradable y profesional. Cabe destacar, en particular, sus amplios conocimientos del sector, siempre aplicados con un enfoque claro.  <\/span><span>Recomendamos True Moments sin reservas.<\/span><\/p>\n<\/blockquote>\r\n\t    <\/div>\r\n    <\/div>\r\n    <\/div><\/div>\r\n\t<\/div>\r\n\t<div class=\"bauer-spacer clearfix\" data-desktop=\"60\" data-mobi=\"40\" data-smobi=\"40\"><\/div>[\/vc_column][\/vc_row][\/vc_section][vc_row css=\u00bb.vc_custom_1675512555647{background-position: center !important;background-repeat: no-repeat !important;background-size: cover !important;}\u00bb][vc_column]\r\n\t<div class=\"bauer-spacer clearfix\" data-desktop=\"80\" data-mobi=\"60\" data-smobi=\"60\"><\/div>[vc_row_inner column_inner_spacing=\u00bb65&#8243;][vc_column_inner]<h2 class=\"bauer-text clearfix text-center\" style=\"font-size:42px;line-height:50px;margin-bottom:32px;max-width:1200px;margin-left: auto; margin-right: auto;\"><p><span class=\"font-weight-300\">Nos encantar\u00e1 conocerle a usted y a su proyecto. Con mucho gusto ponemos a su disposici\u00f3n nuestra experiencia. <\/span><\/p>\n<\/h2>\r\n\t<div class=\"bauer-spacer clearfix\" data-desktop=\"50\" data-mobi=\"10\" data-smobi=\"10\"><\/div><div class=\"bauer-align-box text-center\"><div class=\"button-wrap icon-right\" style=\"\" ><a href=\"https:\/\/truemoments.ch\/es\/kontakt\/\" target=\"_self\" class=\"bauer-button btn-1987356644 medium no_icon custom outline solid custom\" style=\"border-radius:30px;border-width:2px;\"  data-background=\"#009dd8\" data-border=\"#009dd8\" data-text=\"#ffffff\" data-text-hover=\"#009dd8\" data-background-hover=\"#ffffff\" data-border-hover=\"#009dd8\" data-icon-hover=\"#009dd8\">\r\n\t\t<span style=\"\">Cont\u00e1ctenos <\/span>\r\n\t<\/a><\/div><\/div>[\/vc_column_inner][\/vc_row_inner]\r\n\t<div class=\"bauer-spacer clearfix\" data-desktop=\"80\" data-mobi=\"80\" data-smobi=\"80\"><\/div>[\/vc_column][\/vc_row]<\/p>\n<\/section>","protected":false},"excerpt":{"rendered":"<p>[vc_row css=\u00bb.vc_custom_1558754119849{background-image: url(https:\/\/truemoments.ch\/wp-content\/uploads\/2019\/05\/main-bg-1.png?id=8860) !important;background-position: center !important;background-repeat: no-repeat !important;background-size: cover !important;}\u00bb el_id=\u00bbfirst-row\u00bb][vc_column][vc_row_inner][vc_column_inner width=\u00bb1\/2&#8243;][\/vc_column_inner][vc_column_inner width=\u00bb1\/2&#8243;][\/vc_column_inner][\/vc_row_inner][\/vc_column][\/vc_row][vc_section css=\u00bb.vc_custom_1687433645270{background-color: #f9fafc !important;}\u00bb][vc_row][vc_column][\/vc_column][\/vc_row][vc_row el_id=\u00bbjd_add\u00bb css=\u00bb.vc_custom_1751307226865{background-image: url(https:\/\/truemoments.ch\/wp-content\/uploads\/2023\/06\/My-project.png?id=10487) !important;background-position: 0 0 !important;background-repeat: no-repeat !important;}\u00bb][vc_column width=\u00bb1\/4&#8243;][\/vc_column][vc_column width=\u00bb3\/4&#8243;][\/vc_column][\/vc_row][\/vc_section][vc_row css=\u00bb.vc_custom_1675512555647{background-position: center !important;background-repeat: no-repeat !important;background-size: cover !important;}\u00bb][vc_column][vc_row_inner column_inner_spacing=\u00bb65&#8243;][vc_column_inner][\/vc_column_inner][\/vc_row_inner][\/vc_column][\/vc_row]<\/p>\n","protected":false},"author":1,"featured_media":0,"parent":0,"menu_order":0,"comment_status":"closed","ping_status":"closed","template":"","meta":{"footnotes":""},"class_list":["post-10910","page","type-page","status-publish","hentry"],"_links":{"self":[{"href":"https:\/\/truemoments.ch\/es\/wp-json\/wp\/v2\/pages\/10910","targetHints":{"allow":["GET"]}}],"collection":[{"href":"https:\/\/truemoments.ch\/es\/wp-json\/wp\/v2\/pages"}],"about":[{"href":"https:\/\/truemoments.ch\/es\/wp-json\/wp\/v2\/types\/page"}],"author":[{"embeddable":true,"href":"https:\/\/truemoments.ch\/es\/wp-json\/wp\/v2\/users\/1"}],"replies":[{"embeddable":true,"href":"https:\/\/truemoments.ch\/es\/wp-json\/wp\/v2\/comments?post=10910"}],"version-history":[{"count":17,"href":"https:\/\/truemoments.ch\/es\/wp-json\/wp\/v2\/pages\/10910\/revisions"}],"predecessor-version":[{"id":11790,"href":"https:\/\/truemoments.ch\/es\/wp-json\/wp\/v2\/pages\/10910\/revisions\/11790"}],"wp:attachment":[{"href":"https:\/\/truemoments.ch\/es\/wp-json\/wp\/v2\/media?parent=10910"}],"curies":[{"name":"wp","href":"https:\/\/api.w.org\/{rel}","templated":true}]}}