{"id":10928,"date":"2022-12-10T12:42:28","date_gmt":"2022-12-10T11:42:28","guid":{"rendered":"https:\/\/truemoments.ch\/puestos-abiertos\/"},"modified":"2025-08-27T10:22:50","modified_gmt":"2025-08-27T08:22:50","slug":"puestos-abiertos","status":"publish","type":"page","link":"https:\/\/truemoments.ch\/es\/puestos-abiertos\/","title":{"rendered":"Puestos abiertos"},"content":{"rendered":"<section class=\"wpb-content-wrapper\"><p>[vc_row css=\u00bb.vc_custom_1675512270020{background-position: center !important;background-repeat: no-repeat !important;background-size: cover !important;}\u00bb][vc_column]\r\n\t<div class=\"bauer-spacer clearfix\" data-desktop=\"100\" data-mobi=\"60\" data-smobi=\"60\"><\/div>[vc_row_inner][vc_column_inner width=\u00bb1\/2&#8243;]\r\n\t<div class=\"bauer-spacer clearfix\" data-desktop=\"52\" data-mobi=\"30\" data-smobi=\"30\"><\/div><h2 class=\"bauer-text clearfix \" style=\"font-size:42px;line-height:50px;color:#030f27;\"><p>Puestos abiertos \u2013 <span class=\"font-weight-300\">para personas con energ\u00eda, curiosidad y pasi\u00f3n.<\/span> <\/p>\n<\/h2>[\/vc_column_inner][vc_column_inner width=\u00bb1\/2&#8243;]\r\n\t<div class=\"bauer-spacer clearfix\" data-desktop=\"52\" data-mobi=\"30\" data-smobi=\"30\"><\/div><div class=\"bauer-text clearfix \" style=\"font-size:18px;line-height:30px;color:#414042;\"><p>\u00bfEst\u00e1s buscando un nuevo reto profesional? Aqu\u00ed encontrar\u00e1s todos los puestos abiertos actualmente.<\/p>\n<p>Env\u00edanos tu candidatura completa a <a href=\"mailto:contact@truemoments.ch\">contact@truemoments.ch<\/a>. \u00a1Estamos deseando conocerte!<\/p>\n<\/div>[\/vc_column_inner][\/vc_row_inner]\r\n\t<div class=\"bauer-spacer clearfix\" data-desktop=\"70\" data-mobi=\"50\" data-smobi=\"50\"><\/div>[vc_row_inner][vc_column_inner]<div class=\"bauer-align-box text-left\"><div class=\"bauer-icon-box clearfix icon-left align-left hover-style-1 simple\" style=\"background-color:#ffffff;padding:25px 25px 27px;border-radius:5px;border:1px solid #e7e7e7;\" ><div class=\"hover\" style=\"border-radius:5px;background-image:url(https:\/\/truemoments.ch\/wp-content\/uploads\/2023\/02\/business-people-shaking-hands-together.jpg);\"><\/div><div class=\"wrap-inner\" style=\"position: relative;\"><div class=\"bauer-icon icon-539623283 accent custom\"  data-background=\"\">\r\n\t\t\t\t<span class=\"icon\" style=\"font-size:50px;width:50px;height:50px;border-style:solid;line-height:50px;\"><i class=\"vc_li vc_li-user\"><\/i><\/span>\r\n\t\t\t<\/div> <h3 class=\"heading \" style=\"padding-left:75px;font-size:20px;line-height:24px;margin-bottom:12px;\">\r\n\t\t\t<span>Asesor(a) comercial \/ Promotor(a)<\/span>\r\n\t\t<\/h3><div class=\"desc\" style=\"padding-left:75px;font-size:14px;margin-bottom:35px;\"><p><strong><\/strong>Para reforzar nuestro equipo de especialistas en ventas, buscamos personas <strong>comunicativas, con actitud proactiva y s\u00f3lidas habilidades comerciales<\/strong> para una contrataci\u00f3n del 40\u202f%. Las funciones incluyen asesor\u00eda especializada, demostraci\u00f3n de productos y control de puntos de venta, en los cantones de Z\u00farich y\/o Lucerna.<\/p>\n<\/div><div class=\"url-wrap\" style=\"padding-left:75px;\">\r\n\t\t\t<a target=\"_blank\" class=\"bauer-links link-style-1\" href=\"https:\/\/truemoments.ch\/wp-content\/uploads\/2025\/08\/2025-08-27_Stelleninserat_FachberaterIn_alle-Regionen.pdf\" style=\"color:#009dd8;\">\r\n\t\t\t\t<span class=\"text\">Leer m\u00e1s<\/span>\r\n\t\t\t<\/a>\r\n\t\t<\/div> <div class=\"hover\" style=\"border-radius:5px;background-image:url(https:\/\/truemoments.ch\/wp-content\/uploads\/2023\/02\/business-people-shaking-hands-together.jpg);\"><\/div><\/div><\/div>\r\n\t<div class=\"bauer-spacer clearfix\" data-desktop=\"0\" data-mobi=\"30\" data-smobi=\"30\"><\/div><\/div>[\/vc_column_inner][\/vc_row_inner][\/vc_column][\/vc_row][vc_row css=\u00bb.vc_custom_1675512555647{background-position: center !important;background-repeat: no-repeat !important;background-size: cover !important;}\u00bb][vc_column]\r\n\t<div class=\"bauer-spacer clearfix\" data-desktop=\"100\" data-mobi=\"60\" data-smobi=\"60\"><\/div>[vc_row_inner column_inner_spacing=\u00bb65&#8243;][vc_column_inner]<h2 class=\"bauer-text clearfix text-center\" style=\"font-size:42px;line-height:50px;margin-bottom:32px;max-width:1200px;margin-left: auto; margin-right: auto;\"><p><span class=\"font-weight-300\">Nos ilusiona descubrir tu talento y saber qui\u00e9n eres.<\/span><\/p>\n<\/h2>\r\n\t<div class=\"bauer-spacer clearfix\" data-desktop=\"50\" data-mobi=\"10\" data-smobi=\"10\"><\/div><div class=\"bauer-align-box text-center\"><div class=\"button-wrap icon-right\" style=\"\" ><a href=\"mailto:contact@truemoments.ch\" target=\"_self\" class=\"bauer-button btn-42944689 medium no_icon custom outline solid custom\" style=\"border-radius:30px;border-width:2px;\"  data-background=\"#009dd8\" data-border=\"#009dd8\" data-text=\"#ffffff\" data-text-hover=\"#009dd8\" data-background-hover=\"#ffffff\" data-border-hover=\"#009dd8\" data-icon-hover=\"#009dd8\">\r\n\t\t<span style=\"\">Env\u00edanos tu candidatura completa <\/span>\r\n\t<\/a><\/div><\/div>[\/vc_column_inner][\/vc_row_inner]\r\n\t<div class=\"bauer-spacer clearfix\" data-desktop=\"120\" data-mobi=\"80\" data-smobi=\"80\"><\/div>[\/vc_column][\/vc_row]<\/p>\n<\/section>","protected":false},"excerpt":{"rendered":"<p>[vc_row css=\u00bb.vc_custom_1675512270020{background-position: center !important;background-repeat: no-repeat !important;background-size: cover !important;}\u00bb][vc_column][vc_row_inner][vc_column_inner width=\u00bb1\/2&#8243;][\/vc_column_inner][vc_column_inner width=\u00bb1\/2&#8243;][\/vc_column_inner][\/vc_row_inner][vc_row_inner][vc_column_inner][\/vc_column_inner][\/vc_row_inner][\/vc_column][\/vc_row][vc_row css=\u00bb.vc_custom_1675512555647{background-position: center !important;background-repeat: no-repeat !important;background-size: cover !important;}\u00bb][vc_column][vc_row_inner column_inner_spacing=\u00bb65&#8243;][vc_column_inner][\/vc_column_inner][\/vc_row_inner][\/vc_column][\/vc_row]<\/p>\n","protected":false},"author":1,"featured_media":0,"parent":0,"menu_order":0,"comment_status":"closed","ping_status":"closed","template":"","meta":{"footnotes":""},"class_list":["post-10928","page","type-page","status-publish","hentry"],"_links":{"self":[{"href":"https:\/\/truemoments.ch\/es\/wp-json\/wp\/v2\/pages\/10928","targetHints":{"allow":["GET"]}}],"collection":[{"href":"https:\/\/truemoments.ch\/es\/wp-json\/wp\/v2\/pages"}],"about":[{"href":"https:\/\/truemoments.ch\/es\/wp-json\/wp\/v2\/types\/page"}],"author":[{"embeddable":true,"href":"https:\/\/truemoments.ch\/es\/wp-json\/wp\/v2\/users\/1"}],"replies":[{"embeddable":true,"href":"https:\/\/truemoments.ch\/es\/wp-json\/wp\/v2\/comments?post=10928"}],"version-history":[{"count":16,"href":"https:\/\/truemoments.ch\/es\/wp-json\/wp\/v2\/pages\/10928\/revisions"}],"predecessor-version":[{"id":11593,"href":"https:\/\/truemoments.ch\/es\/wp-json\/wp\/v2\/pages\/10928\/revisions\/11593"}],"wp:attachment":[{"href":"https:\/\/truemoments.ch\/es\/wp-json\/wp\/v2\/media?parent=10928"}],"curies":[{"name":"wp","href":"https:\/\/api.w.org\/{rel}","templated":true}]}}