{"id":10970,"date":"2023-02-13T20:05:02","date_gmt":"2023-02-13T19:05:02","guid":{"rendered":"https:\/\/truemoments.ch\/servicios\/asesoria\/"},"modified":"2025-11-22T15:40:48","modified_gmt":"2025-11-22T14:40:48","slug":"asesoria","status":"publish","type":"page","link":"https:\/\/truemoments.ch\/es\/servicios\/asesoria\/","title":{"rendered":"Asesor\u00eda"},"content":{"rendered":"<section class=\"wpb-content-wrapper\"><p>[vc_row css=\u00bb.vc_custom_1675512411619{background-position: center !important;background-repeat: no-repeat !important;background-size: cover !important;}\u00bb el_id=\u00bbfirst-row\u00bb][vc_column width=\u00bb1\/2&#8243;]\r\n\t<div class=\"bauer-spacer clearfix\" data-desktop=\"94\" data-mobi=\"60\" data-smobi=\"60\"><\/div><h3 class=\"bauer-text clearfix \" style=\"font-size:27px;line-height:35px;margin-bottom:30px;\"><p>Acompa\u00f1amiento y planificaci\u00f3n conceptual<\/p>\n<\/h3><div class=\"bauer-text clearfix \" style=\"font-size:18px;line-height:30px;color:#777777;max-width:750px;\"><p>Nuestros clientes aprovechan nuestro profundo conocimiento y la alta calidad de nuestra asesor\u00eda. Les asesoramos en el dise\u00f1o de puntos de venta y les acompa\u00f1amos en el proceso de planificaci\u00f3n conceptual para dar vida a la puesta en escena de sus marcas.<br \/>\nHacemos todo lo posible para que las marcas y productos de nuestros clientes se presenten en el momento adecuado, en el lugar id\u00f3neo y con el mayor impacto.<br \/>\nAlgunas de las medidas que implementamos son:<\/p>\n<ul>\n<li>Evaluaci\u00f3n de los mejores lugares y momentos de implementaci\u00f3n<\/li>\n<li>Desarrollo de medidas eficaces de promoci\u00f3n en el punto de venta<\/li>\n<li>Elaboraci\u00f3n de an\u00e1lisis de mercado<\/li>\n<li>Creaci\u00f3n de conceptos para campa\u00f1as publicitarias<\/li>\n<li>Optimizaci\u00f3n de procesos log\u00edsticos<\/li>\n<li>Presentaci\u00f3n de conceptos de distribuci\u00f3n<\/li>\n<\/ul>\n<\/div>\r\n\t<div class=\"bauer-spacer clearfix\" data-desktop=\"100\" data-mobi=\"20\" data-smobi=\"20\"><\/div>[\/vc_column][vc_column width=\u00bb1\/2&#8243;]\r\n\t<div class=\"bauer-spacer clearfix\" data-desktop=\"94\" data-mobi=\"20\" data-smobi=\"20\"><\/div><div class=\"bauer-simple-image text-center\" style=\"\" >\r\n\t\t\t<img decoding=\"async\" alt=\"image\" src=\"https:\/\/truemoments.ch\/wp-content\/uploads\/2023\/02\/Layout_truemoments021-1.jpg\" \/> \r\n\t\t<\/div>\r\n\t<div class=\"bauer-spacer clearfix\" data-desktop=\"94\" data-mobi=\"60\" data-smobi=\"60\"><\/div>[\/vc_column][\/vc_row][vc_row css=\u00bb.vc_custom_1675512555647{background-position: center !important;background-repeat: no-repeat !important;background-size: cover !important;}\u00bb][vc_column]\r\n\t<div class=\"bauer-spacer clearfix\" data-desktop=\"50\" data-mobi=\"50\" data-smobi=\"50\"><\/div>[vc_row_inner column_inner_spacing=\u00bb65&#8243;][vc_column_inner]<h2 class=\"bauer-text clearfix text-center\" style=\"font-size:42px;line-height:50px;margin-bottom:32px;max-width:1200px;margin-left: auto; margin-right: auto;\"><p><span class=\"font-weight-300\">Nos encantar\u00e1 conocerle a usted y a su proyecto. Con mucho gusto ponemos a su disposici\u00f3n nuestra experiencia. <\/span><\/p>\n<\/h2>\r\n\t<div class=\"bauer-spacer clearfix\" data-desktop=\"50\" data-mobi=\"10\" data-smobi=\"10\"><\/div><div class=\"bauer-align-box text-center\"><div class=\"button-wrap icon-right\" style=\"\" ><a href=\"https:\/\/truemoments.ch\/es\/kontakt\/\" target=\"_self\" class=\"bauer-button btn-1047411405 medium no_icon custom outline solid custom\" style=\"border-radius:30px;border-width:2px;\"  data-background=\"#009dd8\" data-border=\"#009dd8\" data-text=\"#ffffff\" data-text-hover=\"#009dd8\" data-background-hover=\"#ffffff\" data-border-hover=\"#009dd8\" data-icon-hover=\"#009dd8\">\r\n\t\t<span style=\"\">Cont\u00e1ctenos <\/span>\r\n\t<\/a><\/div><\/div>[\/vc_column_inner][\/vc_row_inner]\r\n\t<div class=\"bauer-spacer clearfix\" data-desktop=\"100\" data-mobi=\"80\" data-smobi=\"80\"><\/div>[\/vc_column][\/vc_row]<\/p>\n<\/section>","protected":false},"excerpt":{"rendered":"<p>[vc_row css=\u00bb.vc_custom_1675512411619{background-position: center !important;background-repeat: no-repeat !important;background-size: cover !important;}\u00bb el_id=\u00bbfirst-row\u00bb][vc_column width=\u00bb1\/2&#8243;][\/vc_column][vc_column width=\u00bb1\/2&#8243;][\/vc_column][\/vc_row][vc_row css=\u00bb.vc_custom_1675512555647{background-position: center !important;background-repeat: no-repeat !important;background-size: cover !important;}\u00bb][vc_column][vc_row_inner column_inner_spacing=\u00bb65&#8243;][vc_column_inner][\/vc_column_inner][\/vc_row_inner][\/vc_column][\/vc_row]<\/p>\n","protected":false},"author":1,"featured_media":0,"parent":10967,"menu_order":0,"comment_status":"closed","ping_status":"closed","template":"","meta":{"footnotes":""},"class_list":["post-10970","page","type-page","status-publish","hentry"],"_links":{"self":[{"href":"https:\/\/truemoments.ch\/es\/wp-json\/wp\/v2\/pages\/10970","targetHints":{"allow":["GET"]}}],"collection":[{"href":"https:\/\/truemoments.ch\/es\/wp-json\/wp\/v2\/pages"}],"about":[{"href":"https:\/\/truemoments.ch\/es\/wp-json\/wp\/v2\/types\/page"}],"author":[{"embeddable":true,"href":"https:\/\/truemoments.ch\/es\/wp-json\/wp\/v2\/users\/1"}],"replies":[{"embeddable":true,"href":"https:\/\/truemoments.ch\/es\/wp-json\/wp\/v2\/comments?post=10970"}],"version-history":[{"count":4,"href":"https:\/\/truemoments.ch\/es\/wp-json\/wp\/v2\/pages\/10970\/revisions"}],"predecessor-version":[{"id":11975,"href":"https:\/\/truemoments.ch\/es\/wp-json\/wp\/v2\/pages\/10970\/revisions\/11975"}],"up":[{"embeddable":true,"href":"https:\/\/truemoments.ch\/es\/wp-json\/wp\/v2\/pages\/10967"}],"wp:attachment":[{"href":"https:\/\/truemoments.ch\/es\/wp-json\/wp\/v2\/media?parent=10970"}],"curies":[{"name":"wp","href":"https:\/\/api.w.org\/{rel}","templated":true}]}}