{"id":11062,"date":"2023-02-13T20:05:50","date_gmt":"2023-02-13T19:05:50","guid":{"rendered":"https:\/\/truemoments.ch\/servicios\/logistica\/"},"modified":"2025-11-22T15:41:20","modified_gmt":"2025-11-22T14:41:20","slug":"logistica","status":"publish","type":"page","link":"https:\/\/truemoments.ch\/es\/servicios\/logistica\/","title":{"rendered":"Log\u00edstica"},"content":{"rendered":"<section class=\"wpb-content-wrapper\"><p>[vc_row css=\u00bb.vc_custom_1675512411619{background-position: center !important;background-repeat: no-repeat !important;background-size: cover !important;}\u00bb el_id=\u00bbfirst-row\u00bb][vc_column width=\u00bb1\/2&#8243;]\r\n\t<div class=\"bauer-spacer clearfix\" data-desktop=\"94\" data-mobi=\"60\" data-smobi=\"60\"><\/div><h3 class=\"bauer-text clearfix \" style=\"font-size:27px;line-height:35px;margin-bottom:30px;\"><p>Hacemos todo lo posible para que el esfuerzo log\u00edstico de nuestros clientes sea m\u00ednimo.<\/p>\n<\/h3><div class=\"bauer-text clearfix \" style=\"font-size:18px;line-height:30px;color:#777777;max-width:750px;\"><p>As\u00ed, pueden concentrarse plenamente en sus marcas y productos.<br \/>\nNos encargamos de la log\u00edstica de forma fiable y profesional. Ponemos a disposici\u00f3n espacios para palets destinados al almacenamiento de materiales promocionales, expositores y mucho m\u00e1s. Gestionamos la distribuci\u00f3n de los materiales directamente en los puntos de venta.<br \/>\nSeg\u00fan las necesidades, tambi\u00e9n nos ocupamos de la gesti\u00f3n, mantenimiento y almacenamiento de:<\/p>\n<ul>\n<li>Give-aways<\/li>\n<li>Expositores<\/li>\n<li>Material de embalaje<\/li>\n<li>Material promocional<\/li>\n<li>Material informativo (folletos, volantes, etc.)<\/li>\n<li>Productos de exposici\u00f3n<\/li>\n<li>Material decorativo<\/li>\n<li>M\u00f3dulos para ferias<\/li>\n<\/ul>\n<\/div>\r\n\t<div class=\"bauer-spacer clearfix\" data-desktop=\"100\" data-mobi=\"20\" data-smobi=\"20\"><\/div>[\/vc_column][vc_column width=\u00bb1\/2&#8243;]\r\n\t<div class=\"bauer-spacer clearfix\" data-desktop=\"94\" data-mobi=\"20\" data-smobi=\"20\"><\/div><div class=\"bauer-simple-image text-center\" style=\"\" >\r\n\t\t\t<img decoding=\"async\" alt=\"image\" src=\"https:\/\/truemoments.ch\/wp-content\/uploads\/2023\/02\/Layout_truemoments05.jpg\" \/> \r\n\t\t<\/div>\r\n\t<div class=\"bauer-spacer clearfix\" data-desktop=\"94\" data-mobi=\"60\" data-smobi=\"60\"><\/div>[\/vc_column][\/vc_row][vc_row css=\u00bb.vc_custom_1675512555647{background-position: center !important;background-repeat: no-repeat !important;background-size: cover !important;}\u00bb][vc_column]\r\n\t<div class=\"bauer-spacer clearfix\" data-desktop=\"50\" data-mobi=\"50\" data-smobi=\"50\"><\/div>[vc_row_inner column_inner_spacing=\u00bb65&#8243;][vc_column_inner]<h2 class=\"bauer-text clearfix text-center\" style=\"font-size:42px;line-height:50px;margin-bottom:32px;max-width:1200px;margin-left: auto; margin-right: auto;\"><p><span class=\"font-weight-300\">Nos encantar\u00e1 conocerle a usted y a su proyecto. Con mucho gusto ponemos a su disposici\u00f3n nuestra experiencia. <\/span><\/p>\n<\/h2>\r\n\t<div class=\"bauer-spacer clearfix\" data-desktop=\"50\" data-mobi=\"10\" data-smobi=\"10\"><\/div><div class=\"bauer-align-box text-center\"><div class=\"button-wrap icon-right\" style=\"\" ><a href=\"https:\/\/truemoments.ch\/es\/kontakt\/\" target=\"_self\" class=\"bauer-button btn-1355757774 medium no_icon custom outline solid custom\" style=\"border-radius:30px;border-width:2px;\"  data-background=\"#009dd8\" data-border=\"#009dd8\" data-text=\"#ffffff\" data-text-hover=\"#009dd8\" data-background-hover=\"#ffffff\" data-border-hover=\"#009dd8\" data-icon-hover=\"#009dd8\">\r\n\t\t<span style=\"\">Cont\u00e1ctenos <\/span>\r\n\t<\/a><\/div><\/div>[\/vc_column_inner][\/vc_row_inner]\r\n\t<div class=\"bauer-spacer clearfix\" data-desktop=\"100\" data-mobi=\"80\" data-smobi=\"80\"><\/div>[\/vc_column][\/vc_row]<\/p>\n<\/section>","protected":false},"excerpt":{"rendered":"<p>[vc_row css=\u00bb.vc_custom_1675512411619{background-position: center !important;background-repeat: no-repeat !important;background-size: cover !important;}\u00bb el_id=\u00bbfirst-row\u00bb][vc_column width=\u00bb1\/2&#8243;][\/vc_column][vc_column width=\u00bb1\/2&#8243;][\/vc_column][\/vc_row][vc_row css=\u00bb.vc_custom_1675512555647{background-position: center !important;background-repeat: no-repeat !important;background-size: cover !important;}\u00bb][vc_column][vc_row_inner column_inner_spacing=\u00bb65&#8243;][vc_column_inner][\/vc_column_inner][\/vc_row_inner][\/vc_column][\/vc_row]<\/p>\n","protected":false},"author":1,"featured_media":0,"parent":10967,"menu_order":0,"comment_status":"closed","ping_status":"closed","template":"","meta":{"footnotes":""},"class_list":["post-11062","page","type-page","status-publish","hentry"],"_links":{"self":[{"href":"https:\/\/truemoments.ch\/es\/wp-json\/wp\/v2\/pages\/11062","targetHints":{"allow":["GET"]}}],"collection":[{"href":"https:\/\/truemoments.ch\/es\/wp-json\/wp\/v2\/pages"}],"about":[{"href":"https:\/\/truemoments.ch\/es\/wp-json\/wp\/v2\/types\/page"}],"author":[{"embeddable":true,"href":"https:\/\/truemoments.ch\/es\/wp-json\/wp\/v2\/users\/1"}],"replies":[{"embeddable":true,"href":"https:\/\/truemoments.ch\/es\/wp-json\/wp\/v2\/comments?post=11062"}],"version-history":[{"count":3,"href":"https:\/\/truemoments.ch\/es\/wp-json\/wp\/v2\/pages\/11062\/revisions"}],"predecessor-version":[{"id":11978,"href":"https:\/\/truemoments.ch\/es\/wp-json\/wp\/v2\/pages\/11062\/revisions\/11978"}],"up":[{"embeddable":true,"href":"https:\/\/truemoments.ch\/es\/wp-json\/wp\/v2\/pages\/10967"}],"wp:attachment":[{"href":"https:\/\/truemoments.ch\/es\/wp-json\/wp\/v2\/media?parent=11062"}],"curies":[{"name":"wp","href":"https:\/\/api.w.org\/{rel}","templated":true}]}}