{"id":11084,"date":"2023-02-13T20:05:17","date_gmt":"2023-02-13T19:05:17","guid":{"rendered":"https:\/\/truemoments.ch\/servicios\/participacion-en-ferias\/"},"modified":"2025-11-14T09:24:04","modified_gmt":"2025-11-14T08:24:04","slug":"participacion-en-ferias","status":"publish","type":"page","link":"https:\/\/truemoments.ch\/es\/servicios\/participacion-en-ferias\/","title":{"rendered":"Participaci\u00f3n en ferias"},"content":{"rendered":"<section class=\"wpb-content-wrapper\"><p>[vc_row css=\u00bb.vc_custom_1675512411619{background-position: center !important;background-repeat: no-repeat !important;background-size: cover !important;}\u00bb el_id=\u00bbfirst-row\u00bb][vc_column width=\u00bb1\/2&#8243;]\r\n\t<div class=\"bauer-spacer clearfix\" data-desktop=\"94\" data-mobi=\"60\" data-smobi=\"60\"><\/div><h3 class=\"bauer-text clearfix \" style=\"font-size:27px;line-height:35px;margin-bottom:30px;\"><p>Para que el stand ferial se convierta en un verdadero punto de atracci\u00f3n.<\/p>\n<\/h3><div class=\"bauer-text clearfix \" style=\"font-size:18px;line-height:30px;color:#777777;max-width:750px;\"><p>Ofrecemos a nuestros clientes un acompa\u00f1amiento completo en la preparaci\u00f3n y ejecuci\u00f3n de su participaci\u00f3n en ferias \u2013 si lo desean, de principio a fin. Esto puede incluir:<\/p>\n<ul>\n<li>La elaboraci\u00f3n de un concepto para la presencia en la feria<\/li>\n<li>El c\u00e1lculo y la presentaci\u00f3n de ofertas relacionadas con los costes del stand<\/li>\n<li>La organizaci\u00f3n, compra o alquiler de mobiliario y equipamiento<\/li>\n<li>La planificaci\u00f3n y la realizaci\u00f3n del concepto del stand<\/li>\n<li>La organizaci\u00f3n de catering, limpieza del stand y servicio de seguridad<\/li>\n<li>El montaje y desmontaje del stand ferial<\/li>\n<li>La posibilidad de utilizar material ecol\u00f3gico reutilizable<\/li>\n<\/ul>\n<\/div>\r\n\t<div class=\"bauer-spacer clearfix\" data-desktop=\"100\" data-mobi=\"20\" data-smobi=\"20\"><\/div>[\/vc_column][vc_column width=\u00bb1\/2&#8243;]\r\n\t<div class=\"bauer-spacer clearfix\" data-desktop=\"94\" data-mobi=\"20\" data-smobi=\"20\"><\/div><div class=\"bauer-simple-image text-center\" style=\"\" >\r\n\t\t\t<img decoding=\"async\" alt=\"image\" src=\"https:\/\/truemoments.ch\/wp-content\/uploads\/2025\/11\/ChatGPT-Image-13.-Nov.-2025-15_54_13.png\" \/> \r\n\t\t<\/div>\r\n\t<div class=\"bauer-spacer clearfix\" data-desktop=\"94\" data-mobi=\"60\" data-smobi=\"60\"><\/div>[\/vc_column][\/vc_row][vc_row css=\u00bb.vc_custom_1675512555647{background-position: center !important;background-repeat: no-repeat !important;background-size: cover !important;}\u00bb][vc_column]\r\n\t<div class=\"bauer-spacer clearfix\" data-desktop=\"50\" data-mobi=\"50\" data-smobi=\"50\"><\/div>[vc_row_inner column_inner_spacing=\u00bb65&#8243;][vc_column_inner]<h2 class=\"bauer-text clearfix text-center\" style=\"font-size:42px;line-height:50px;margin-bottom:32px;max-width:1200px;margin-left: auto; margin-right: auto;\"><p><span class=\"font-weight-300\">Nos encantar\u00e1 conocerle a usted y a su proyecto. Con mucho gusto ponemos a su disposici\u00f3n nuestra experiencia. <\/span><\/p>\n<\/h2>\r\n\t<div class=\"bauer-spacer clearfix\" data-desktop=\"50\" data-mobi=\"10\" data-smobi=\"10\"><\/div><div class=\"bauer-align-box text-center\"><div class=\"button-wrap icon-right\" style=\"\" ><a href=\"https:\/\/truemoments.ch\/es\/kontakt\/\" target=\"_self\" class=\"bauer-button btn-353554383 medium no_icon custom outline solid custom\" style=\"border-radius:30px;border-width:2px;\"  data-background=\"#009dd8\" data-border=\"#009dd8\" data-text=\"#ffffff\" data-text-hover=\"#009dd8\" data-background-hover=\"#ffffff\" data-border-hover=\"#009dd8\" data-icon-hover=\"#009dd8\">\r\n\t\t<span style=\"\">Cont\u00e1ctenos <\/span>\r\n\t<\/a><\/div><\/div>[\/vc_column_inner][\/vc_row_inner]\r\n\t<div class=\"bauer-spacer clearfix\" data-desktop=\"100\" data-mobi=\"80\" data-smobi=\"80\"><\/div>[\/vc_column][\/vc_row]<\/p>\n<\/section>","protected":false},"excerpt":{"rendered":"<p>[vc_row css=\u00bb.vc_custom_1675512411619{background-position: center !important;background-repeat: no-repeat !important;background-size: cover !important;}\u00bb el_id=\u00bbfirst-row\u00bb][vc_column width=\u00bb1\/2&#8243;][\/vc_column][vc_column width=\u00bb1\/2&#8243;][\/vc_column][\/vc_row][vc_row css=\u00bb.vc_custom_1675512555647{background-position: center !important;background-repeat: no-repeat !important;background-size: cover !important;}\u00bb][vc_column][vc_row_inner column_inner_spacing=\u00bb65&#8243;][vc_column_inner][\/vc_column_inner][\/vc_row_inner][\/vc_column][\/vc_row]<\/p>\n","protected":false},"author":1,"featured_media":0,"parent":10967,"menu_order":0,"comment_status":"closed","ping_status":"closed","template":"","meta":{"footnotes":""},"class_list":["post-11084","page","type-page","status-publish","hentry"],"_links":{"self":[{"href":"https:\/\/truemoments.ch\/es\/wp-json\/wp\/v2\/pages\/11084","targetHints":{"allow":["GET"]}}],"collection":[{"href":"https:\/\/truemoments.ch\/es\/wp-json\/wp\/v2\/pages"}],"about":[{"href":"https:\/\/truemoments.ch\/es\/wp-json\/wp\/v2\/types\/page"}],"author":[{"embeddable":true,"href":"https:\/\/truemoments.ch\/es\/wp-json\/wp\/v2\/users\/1"}],"replies":[{"embeddable":true,"href":"https:\/\/truemoments.ch\/es\/wp-json\/wp\/v2\/comments?post=11084"}],"version-history":[{"count":7,"href":"https:\/\/truemoments.ch\/es\/wp-json\/wp\/v2\/pages\/11084\/revisions"}],"predecessor-version":[{"id":11933,"href":"https:\/\/truemoments.ch\/es\/wp-json\/wp\/v2\/pages\/11084\/revisions\/11933"}],"up":[{"embeddable":true,"href":"https:\/\/truemoments.ch\/es\/wp-json\/wp\/v2\/pages\/10967"}],"wp:attachment":[{"href":"https:\/\/truemoments.ch\/es\/wp-json\/wp\/v2\/media?parent=11084"}],"curies":[{"name":"wp","href":"https:\/\/api.w.org\/{rel}","templated":true}]}}