{"id":10717,"date":"2017-10-16T13:06:09","date_gmt":"2017-10-16T11:06:09","guid":{"rendered":"https:\/\/truemoments.ch\/services\/"},"modified":"2025-11-07T14:23:13","modified_gmt":"2025-11-07T13:23:13","slug":"services","status":"publish","type":"page","link":"https:\/\/truemoments.ch\/fr\/services\/","title":{"rendered":"Services"},"content":{"rendered":"<section class=\"wpb-content-wrapper\"><p>[vc_row css=\u00a0\u00bb.vc_custom_1675511913694{background-image: url(https:\/\/truemoments.ch\/wp-content\/uploads\/2019\/05\/section-bg1-1.png?id=7977) !important;background-position: center !important;background-repeat: no-repeat !important;background-size: cover !important;}\u00a0\u00bb el_id=\u00a0\u00bbfirst-row\u00a0\u00bb][vc_column]\r\n\t<div class=\"bauer-spacer clearfix\" data-desktop=\"94\" data-mobi=\"60\" data-smobi=\"60\"><\/div><h2 class=\"bauer-text clearfix text-center\" style=\"font-size:42px;line-height:50px;margin-bottom:30px;\"><p> Des services premium \u2013 taill\u00e9es sur mesure <span class=\"font-weight-300\">pour<\/span> vos besoins.<\/p>\n<\/h2><div class=\"bauer-text clearfix text-center\" style=\"font-size:18px;line-height:30px;color:#777777;max-width:860px;margin-left: auto; margin-right: auto;\"><p>Vous recherchez un partenaire de Trade Marketing fiable et professionnel, capable de vous accompagner dans la r\u00e9alisation de vos projets et objectifs\u202f? Nos services sont adapt\u00e9s aux besoins sp\u00e9cifiques de chaque client, port\u00e9s par une \u00e9quipe de sp\u00e9cialistes exp\u00e9riment\u00e9s et engag\u00e9s. <br \/>Contactez-nous et d\u00e9couvrez nos services en action. Nous sommes l\u00e0 pour vous aider \u00e0 atteindre vos objectifs \u2013 avec efficacit\u00e9, pr\u00e9cision et passion.<\/p>\n<\/div>\r\n\t<div class=\"bauer-spacer clearfix\" data-desktop=\"70\" data-mobi=\"40\" data-smobi=\"40\"><\/div>[\/vc_column][\/vc_row][vc_row css=\u00a0\u00bb.vc_custom_1685644880710{background: rgba(0,0,0,0.5) url(https:\/\/truemoments.ch\/wp-content\/uploads\/2023\/02\/business-man-financial-inspector-secretary-making-report-calculating-checking-balance-internal-revenue-service-inspector-checking-document-audit-concept.jpg?id=9560) !important;background-position: center !important;background-repeat: no-repeat !important;background-size: cover !important;*background-color: rgb(0,0,0) !important;}\u00a0\u00bb el_id=\u00a0\u00bbtm_overlay4&Prime;][vc_column]\r\n\t<div class=\"bauer-spacer clearfix\" data-desktop=\"100\" data-mobi=\"60\" data-smobi=\"60\"><\/div><h2 class=\"bauer-text clearfix text-center\" style=\"font-size:38px;line-height:30px;color:#ffffff;margin-bottom:70px;max-width:500px;margin-left: auto; margin-right: auto;\"><p>Services<\/p>\n<\/h2>[vc_row_inner][vc_column_inner el_class=\u00a0\u00bbicons_mod\u00a0\u00bb width=\u00a0\u00bb1\/4&Prime;]<div class=\"bauer-icon-box clearfix icon-top align-center  simple\" style=\"background-color:#ffffff;border-radius:5px;border:1px solid rgba(231,231,231,0.3);\" ><div class=\"wrap-inner\" style=\"position: relative;\"><div class=\"image-wrap\" style=\"width:64px;\">\r\n\t\t\t\t<img decoding=\"async\" alt=\"image\" src=\"https:\/\/truemoments.ch\/wp-content\/uploads\/2023\/02\/003-idea.png\">\r\n\t\t\t<\/div> <h3 class=\"heading \" style=\"color:#030f27;font-size:20px;line-height:1px;\">\r\n\t\t\t<a href=\"https:\/\/truemoments.ch\/fr\/dienstleistungen\/beratung\/\">\r\n\t\t\t\t<span>Conseil<\/span>\r\n\t\t\t<\/a>\r\n\t\t<\/h3><div class=\"url-wrap\" style=\"\">\r\n\t\t\t<a target=\"_self\" class=\"bauer-links link-style-1\" href=\"https:\/\/truemoments.ch\/fr\/dienstleistungen\/beratung\/\" style=\"color:#009dd8;\">\r\n\t\t\t\t<span class=\"text\">Plus d\u2019informations<\/span>\r\n\t\t\t<\/a>\r\n\t\t<\/div> <\/div><\/div>\r\n\t<div class=\"bauer-spacer clearfix\" data-desktop=\"30\" data-mobi=\"30\" data-smobi=\"30\"><\/div><div class=\"bauer-icon-box clearfix icon-top align-center  simple\" style=\"background-color:#ffffff;border-radius:5px;border:1px solid rgba(231,231,231,0.3);\" ><div class=\"wrap-inner\" style=\"position: relative;\"><div class=\"image-wrap\" style=\"width:64px;\">\r\n\t\t\t\t<img decoding=\"async\" alt=\"image\" src=\"https:\/\/truemoments.ch\/wp-content\/uploads\/2023\/03\/archive.png\">\r\n\t\t\t<\/div> <h3 class=\"heading \" style=\"color:#030f27;font-size:20px;line-height:1px;\">\r\n\t\t\t<a href=\"https:\/\/truemoments.ch\/fr\/dienstleistungen\/merchandising\/\">\r\n\t\t\t\t<span>Merchandising<\/span>\r\n\t\t\t<\/a>\r\n\t\t<\/h3><div class=\"url-wrap\" style=\"\">\r\n\t\t\t<a target=\"_self\" class=\"bauer-links link-style-1\" href=\"https:\/\/truemoments.ch\/fr\/dienstleistungen\/merchandising\/\" style=\"color:#009dd8;\">\r\n\t\t\t\t<span class=\"text\">Plus d\u2019informations<\/span>\r\n\t\t\t<\/a>\r\n\t\t<\/div> <\/div><\/div>\r\n\t<div class=\"bauer-spacer clearfix\" data-desktop=\"0\" data-mobi=\"30\" data-smobi=\"30\"><\/div>[\/vc_column_inner][vc_column_inner el_class=\u00a0\u00bbicons_mod\u00a0\u00bb width=\u00a0\u00bb1\/4&Prime;]<div class=\"bauer-icon-box clearfix icon-top align-center  simple\" style=\"background-color:#ffffff;border-radius:5px;border:1px solid rgba(231,231,231,0.3);\" ><div class=\"wrap-inner\" style=\"position: relative;\"><div class=\"image-wrap\" style=\"width:64px;\">\r\n\t\t\t\t<img decoding=\"async\" alt=\"image\" src=\"https:\/\/truemoments.ch\/wp-content\/uploads\/2023\/02\/008-event.png\">\r\n\t\t\t<\/div> <h3 class=\"heading \" style=\"color:#030f27;font-size:20px;line-height:24px;\">\r\n\t\t\t<a href=\"https:\/\/truemoments.ch\/fr\/dienstleistungen\/eventorganisation\/\">\r\n\t\t\t\t<span>Organisation d\u2019\u00e9v\u00e9nements<\/span>\r\n\t\t\t<\/a>\r\n\t\t<\/h3><div class=\"url-wrap\" style=\"\">\r\n\t\t\t<a target=\"_self\" class=\"bauer-links link-style-1\" href=\"https:\/\/truemoments.ch\/fr\/dienstleistungen\/eventorganisation\/\" style=\"color:#009dd8;\">\r\n\t\t\t\t<span class=\"text\">Plus d\u2019informations<\/span>\r\n\t\t\t<\/a>\r\n\t\t<\/div> <\/div><\/div>\r\n\t<div class=\"bauer-spacer clearfix\" data-desktop=\"30\" data-mobi=\"30\" data-smobi=\"30\"><\/div><div class=\"bauer-icon-box clearfix icon-top align-center  simple\" style=\"background-color:#ffffff;border-radius:5px;border:1px solid rgba(231,231,231,0.3);\" ><div class=\"wrap-inner\" style=\"position: relative;\"><div class=\"image-wrap\" style=\"width:64px;\">\r\n\t\t\t\t<img decoding=\"async\" alt=\"image\" src=\"https:\/\/truemoments.ch\/wp-content\/uploads\/2023\/03\/111-7.png\">\r\n\t\t\t<\/div> <h3 class=\"heading \" style=\"color:#030f27;font-size:20px;line-height:1px;\">\r\n\t\t\t<a href=\"https:\/\/truemoments.ch\/fr\/dienstleistungen\/messeauftritt\/\">\r\n\t\t\t\t<span>Pr\u00e9sence sur salon<\/span>\r\n\t\t\t<\/a>\r\n\t\t<\/h3><div class=\"url-wrap\" style=\"\">\r\n\t\t\t<a target=\"_self\" class=\"bauer-links link-style-1\" href=\"https:\/\/truemoments.ch\/fr\/dienstleistungen\/messeauftritt\/\" style=\"color:#009dd8;\">\r\n\t\t\t\t<span class=\"text\">Plus d\u2019informations<\/span>\r\n\t\t\t<\/a>\r\n\t\t<\/div> <\/div><\/div>\r\n\t<div class=\"bauer-spacer clearfix\" data-desktop=\"0\" data-mobi=\"30\" data-smobi=\"30\"><\/div>[\/vc_column_inner][vc_column_inner el_class=\u00a0\u00bbicons_mod\u00a0\u00bb width=\u00a0\u00bb1\/4&Prime;]<div class=\"bauer-icon-box clearfix icon-top align-center  simple\" style=\"background-color:#ffffff;border-radius:5px;border:1px solid rgba(231,231,231,0.3);\" ><div class=\"wrap-inner\" style=\"position: relative;\"><div class=\"image-wrap\" style=\"width:64px;\">\r\n\t\t\t\t<img decoding=\"async\" alt=\"image\" src=\"https:\/\/truemoments.ch\/wp-content\/uploads\/2023\/02\/004-shopping-bag.png\">\r\n\t\t\t<\/div> <h3 class=\"heading \" style=\"color:#030f27;font-size:20px;line-height:24px;\">\r\n\t\t\t<a href=\"https:\/\/truemoments.ch\/fr\/dienstleistungen\/fachberatungen-am-verkaufspunkt\/\">\r\n\t\t\t\t<span>Conseil sp\u00e9cialis\u00e9 sur point de vente<\/span>\r\n\t\t\t<\/a>\r\n\t\t<\/h3><div class=\"url-wrap\" style=\"\">\r\n\t\t\t<a target=\"_self\" class=\"bauer-links link-style-1\" href=\"https:\/\/truemoments.ch\/fr\/dienstleistungen\/fachberatungen-am-verkaufspunkt\/\" style=\"color:#009dd8;\">\r\n\t\t\t\t<span class=\"text\">Plus d\u2019informations<\/span>\r\n\t\t\t<\/a>\r\n\t\t<\/div> <\/div><\/div>\r\n\t<div class=\"bauer-spacer clearfix\" data-desktop=\"30\" data-mobi=\"30\" data-smobi=\"30\"><\/div><div class=\"bauer-icon-box clearfix icon-top align-center  simple\" style=\"background-color:#ffffff;border-radius:5px;border:1px solid rgba(231,231,231,0.3);\" ><div class=\"wrap-inner\" style=\"position: relative;\"><div class=\"image-wrap\" style=\"width:64px;\">\r\n\t\t\t\t<img decoding=\"async\" alt=\"image\" src=\"https:\/\/truemoments.ch\/wp-content\/uploads\/2023\/02\/001-surprise-box.png\">\r\n\t\t\t<\/div> <h3 class=\"heading \" style=\"color:#030f27;font-size:20px;line-height:24px;\">\r\n\t\t\t<a href=\"https:\/\/truemoments.ch\/fr\/dienstleistungen\/mystery-shopping\/\">\r\n\t\t\t\t<span>Mystery Shopping<\/span>\r\n\t\t\t<\/a>\r\n\t\t<\/h3><div class=\"url-wrap\" style=\"\">\r\n\t\t\t<a target=\"_self\" class=\"bauer-links link-style-1\" href=\"https:\/\/truemoments.ch\/fr\/dienstleistungen\/mystery-shopping\/\" style=\"color:#009dd8;\">\r\n\t\t\t\t<span class=\"text\">Plus d\u2019informations<\/span>\r\n\t\t\t<\/a>\r\n\t\t<\/div> <\/div><\/div>\r\n\t<div class=\"bauer-spacer clearfix\" data-desktop=\"0\" data-mobi=\"30\" data-smobi=\"30\"><\/div>[\/vc_column_inner][vc_column_inner el_class=\u00a0\u00bbicons_mod\u00a0\u00bb width=\u00a0\u00bb1\/4&Prime;]<div class=\"bauer-icon-box clearfix icon-top align-center  simple\" style=\"background-color:#ffffff;border-radius:5px;border:1px solid rgba(231,231,231,0.3);\" ><div class=\"wrap-inner\" style=\"position: relative;\"><div class=\"image-wrap\" style=\"width:64px;\">\r\n\t\t\t\t<img decoding=\"async\" alt=\"image\" src=\"https:\/\/truemoments.ch\/wp-content\/uploads\/2023\/02\/007-logistics.png\">\r\n\t\t\t<\/div> <h3 class=\"heading \" style=\"color:#030f27;font-size:20px;line-height:24px;\">\r\n\t\t\t<a href=\"https:\/\/truemoments.ch\/fr\/dienstleistungen\/logistik\/\">\r\n\t\t\t\t<span>Logistique<\/span>\r\n\t\t\t<\/a>\r\n\t\t<\/h3><div class=\"url-wrap\" style=\"\">\r\n\t\t\t<a target=\"_self\" class=\"bauer-links link-style-1\" href=\"https:\/\/truemoments.ch\/fr\/dienstleistungen\/logistik\/\" style=\"color:#009dd8;\">\r\n\t\t\t\t<span class=\"text\">Plus d\u2019informations<\/span>\r\n\t\t\t<\/a>\r\n\t\t<\/div> <\/div><\/div>\r\n\t<div class=\"bauer-spacer clearfix\" data-desktop=\"30\" data-mobi=\"30\" data-smobi=\"30\"><\/div><div class=\"bauer-icon-box clearfix icon-top align-center  simple\" style=\"background-color:#ffffff;border-radius:5px;border:1px solid rgba(231,231,231,0.3);\" ><div class=\"wrap-inner\" style=\"position: relative;\"><div class=\"image-wrap\" style=\"width:64px;\">\r\n\t\t\t\t<img decoding=\"async\" alt=\"image\" src=\"https:\/\/truemoments.ch\/wp-content\/uploads\/2023\/02\/002-analysis.png\">\r\n\t\t\t<\/div> <h3 class=\"heading \" style=\"color:#030f27;font-size:20px;line-height:24px;\">\r\n\t\t\t<a href=\"https:\/\/truemoments.ch\/fr\/dienstleistungen\/verkauferschulung\/\">\r\n\t\t\t\t<span>Formation du personnel de vente<\/span>\r\n\t\t\t<\/a>\r\n\t\t<\/h3><div class=\"url-wrap\" style=\"\">\r\n\t\t\t<a target=\"_self\" class=\"bauer-links link-style-1\" href=\"https:\/\/truemoments.ch\/fr\/dienstleistungen\/verkauferschulung\/\" style=\"color:#009dd8;\">\r\n\t\t\t\t<span class=\"text\">Plus d\u2019informations<\/span>\r\n\t\t\t<\/a>\r\n\t\t<\/div> <\/div><\/div>[\/vc_column_inner][\/vc_row_inner]\r\n\t<div class=\"bauer-spacer clearfix\" data-desktop=\"125\" data-mobi=\"135\" data-smobi=\"135\"><\/div>[\/vc_column][\/vc_row][vc_row css=\u00a0\u00bb.vc_custom_1675512555647{background-position: center !important;background-repeat: no-repeat !important;background-size: cover !important;}\u00a0\u00bb][vc_column]\r\n\t<div class=\"bauer-spacer clearfix\" data-desktop=\"100\" data-mobi=\"60\" data-smobi=\"60\"><\/div>[vc_row_inner column_inner_spacing=\u00a0\u00bb65&Prime;][vc_column_inner]<h2 class=\"bauer-text clearfix text-center\" style=\"font-size:42px;line-height:50px;margin-bottom:32px;max-width:1200px;margin-left: auto; margin-right: auto;\"><p><span class=\"font-weight-300\">Nous nous r\u00e9jouissons de faire votre connaissance ainsi que celle de votre projet. Nous mettons volontiers notre expertise \u00e0 votre service. <\/span><\/p>\n<\/h2>\r\n\t<div class=\"bauer-spacer clearfix\" data-desktop=\"50\" data-mobi=\"10\" data-smobi=\"10\"><\/div><div class=\"bauer-align-box text-center\"><div class=\"button-wrap icon-right\" style=\"\" ><a href=\"https:\/\/truemoments.ch\/fr\/kontakt\/\" target=\"_self\" class=\"bauer-button btn-1629712348 medium no_icon custom outline solid custom\" style=\"border-radius:30px;border-width:2px;\"  data-background=\"#009dd8\" data-border=\"#009dd8\" data-text=\"#ffffff\" data-text-hover=\"#009dd8\" data-background-hover=\"#ffffff\" data-border-hover=\"#009dd8\" data-icon-hover=\"#009dd8\">\r\n\t\t<span style=\"\">Contactez-nous <\/span>\r\n\t<\/a><\/div><\/div>[\/vc_column_inner][\/vc_row_inner]\r\n\t<div class=\"bauer-spacer clearfix\" data-desktop=\"120\" data-mobi=\"80\" data-smobi=\"80\"><\/div>[\/vc_column][\/vc_row]<\/p>\n<\/section>","protected":false},"excerpt":{"rendered":"<p>[vc_row css=\u00a0\u00bb.vc_custom_1675511913694{background-image: url(https:\/\/truemoments.ch\/wp-content\/uploads\/2019\/05\/section-bg1-1.png?id=7977) !important;background-position: center !important;background-repeat: no-repeat !important;background-size: cover !important;}\u00a0\u00bb el_id=\u00a0\u00bbfirst-row\u00a0\u00bb][vc_column][\/vc_column][\/vc_row][vc_row css=\u00a0\u00bb.vc_custom_1685644880710{background: rgba(0,0,0,0.5) url(https:\/\/truemoments.ch\/wp-content\/uploads\/2023\/02\/business-man-financial-inspector-secretary-making-report-calculating-checking-balance-internal-revenue-service-inspector-checking-document-audit-concept.jpg?id=9560) !important;background-position: center !important;background-repeat: no-repeat !important;background-size: cover !important;*background-color: rgb(0,0,0) !important;}\u00a0\u00bb el_id=\u00a0\u00bbtm_overlay4&Prime;][vc_column][vc_row_inner][vc_column_inner el_class=\u00a0\u00bbicons_mod\u00a0\u00bb width=\u00a0\u00bb1\/4&Prime;][\/vc_column_inner][vc_column_inner el_class=\u00a0\u00bbicons_mod\u00a0\u00bb width=\u00a0\u00bb1\/4&Prime;][\/vc_column_inner][vc_column_inner el_class=\u00a0\u00bbicons_mod\u00a0\u00bb width=\u00a0\u00bb1\/4&Prime;][\/vc_column_inner][vc_column_inner el_class=\u00a0\u00bbicons_mod\u00a0\u00bb width=\u00a0\u00bb1\/4&Prime;][\/vc_column_inner][\/vc_row_inner][\/vc_column][\/vc_row][vc_row css=\u00a0\u00bb.vc_custom_1675512555647{background-position: center !important;background-repeat: no-repeat !important;background-size: cover !important;}\u00a0\u00bb][vc_column][vc_row_inner column_inner_spacing=\u00a0\u00bb65&Prime;][vc_column_inner][\/vc_column_inner][\/vc_row_inner][\/vc_column][\/vc_row]<\/p>\n","protected":false},"author":1,"featured_media":0,"parent":0,"menu_order":0,"comment_status":"closed","ping_status":"closed","template":"","meta":{"footnotes":""},"class_list":["post-10717","page","type-page","status-publish","hentry"],"_links":{"self":[{"href":"https:\/\/truemoments.ch\/fr\/wp-json\/wp\/v2\/pages\/10717","targetHints":{"allow":["GET"]}}],"collection":[{"href":"https:\/\/truemoments.ch\/fr\/wp-json\/wp\/v2\/pages"}],"about":[{"href":"https:\/\/truemoments.ch\/fr\/wp-json\/wp\/v2\/types\/page"}],"author":[{"embeddable":true,"href":"https:\/\/truemoments.ch\/fr\/wp-json\/wp\/v2\/users\/1"}],"replies":[{"embeddable":true,"href":"https:\/\/truemoments.ch\/fr\/wp-json\/wp\/v2\/comments?post=10717"}],"version-history":[{"count":23,"href":"https:\/\/truemoments.ch\/fr\/wp-json\/wp\/v2\/pages\/10717\/revisions"}],"predecessor-version":[{"id":11808,"href":"https:\/\/truemoments.ch\/fr\/wp-json\/wp\/v2\/pages\/10717\/revisions\/11808"}],"wp:attachment":[{"href":"https:\/\/truemoments.ch\/fr\/wp-json\/wp\/v2\/media?parent=10717"}],"curies":[{"name":"wp","href":"https:\/\/api.w.org\/{rel}","templated":true}]}}