{"id":10813,"date":"2023-02-13T20:04:48","date_gmt":"2023-02-13T19:04:48","guid":{"rendered":"https:\/\/truemoments.ch\/services\/merchandising\/"},"modified":"2025-11-22T15:37:23","modified_gmt":"2025-11-22T14:37:23","slug":"merchandising","status":"publish","type":"page","link":"https:\/\/truemoments.ch\/fr\/services\/merchandising\/","title":{"rendered":"Merchandising"},"content":{"rendered":"<section class=\"wpb-content-wrapper\"><p>[vc_row css=\u00a0\u00bb.vc_custom_1675512411619{background-position: center !important;background-repeat: no-repeat !important;background-size: cover !important;}\u00a0\u00bb el_id=\u00a0\u00bbfirst-row\u00a0\u00bb][vc_column width=\u00a0\u00bb1\/2&Prime;]\r\n\t<div class=\"bauer-spacer clearfix\" data-desktop=\"94\" data-mobi=\"60\" data-smobi=\"60\"><\/div><h3 class=\"bauer-text clearfix \" style=\"font-size:27px;line-height:35px;margin-bottom:30px;\"><p>Nous assurons une pr\u00e9sentation r\u00e9ussie des produits.<\/p>\n<\/h3><div class=\"bauer-text clearfix \" style=\"font-size:18px;line-height:30px;color:#777777;max-width:750px;\"><p>Nous contr\u00f4lons les points de vente selon les crit\u00e8res d\u00e9finis avec le client. Les t\u00e2ches de base comprennent :<\/p>\n<ul>\n<li>l\u2019entretien du point de vente<\/li>\n<li>l\u2019installation de mesures promotionnelles<\/li>\n<li>la remise de la documentation commerciale \u00e0 l\u2019\u00e9quipe de vente<\/li>\n<li>l\u2019explication des caract\u00e9ristiques principales des produits<\/li>\n<li>la distribution de cadeaux promotionnels<\/li>\n<li>la cr\u00e9ation d\u2019un lien de confiance avec la marque<\/li>\n<li>le benchmarking des produits<\/li>\n<\/ul>\n<\/div>\r\n\t<div class=\"bauer-spacer clearfix\" data-desktop=\"100\" data-mobi=\"20\" data-smobi=\"20\"><\/div>[\/vc_column][vc_column width=\u00a0\u00bb1\/2&Prime;]\r\n\t<div class=\"bauer-spacer clearfix\" data-desktop=\"94\" data-mobi=\"20\" data-smobi=\"20\"><\/div><div class=\"bauer-simple-image text-center\" style=\"\" >\r\n\t\t\t<img decoding=\"async\" alt=\"image\" src=\"https:\/\/truemoments.ch\/wp-content\/uploads\/2023\/02\/Layout_truemoments011.jpg\" \/> \r\n\t\t<\/div>\r\n\t<div class=\"bauer-spacer clearfix\" data-desktop=\"94\" data-mobi=\"60\" data-smobi=\"60\"><\/div>[\/vc_column][\/vc_row][vc_row css=\u00a0\u00bb.vc_custom_1675512555647{background-position: center !important;background-repeat: no-repeat !important;background-size: cover !important;}\u00a0\u00bb][vc_column]\r\n\t<div class=\"bauer-spacer clearfix\" data-desktop=\"50\" data-mobi=\"50\" data-smobi=\"50\"><\/div>[vc_row_inner column_inner_spacing=\u00a0\u00bb65&Prime;][vc_column_inner]<h2 class=\"bauer-text clearfix text-center\" style=\"font-size:42px;line-height:50px;margin-bottom:32px;max-width:1200px;margin-left: auto; margin-right: auto;\"><p><span class=\"font-weight-300\">Nous nous r\u00e9jouissons de faire votre connaissance ainsi que celle de votre projet. Nous mettons volontiers notre expertise \u00e0 votre service. <\/span><\/p>\n<\/h2>\r\n\t<div class=\"bauer-spacer clearfix\" data-desktop=\"50\" data-mobi=\"10\" data-smobi=\"10\"><\/div><div class=\"bauer-align-box text-center\"><div class=\"button-wrap icon-right\" style=\"\" ><a href=\"https:\/\/truemoments.ch\/fr\/kontakt\/\" target=\"_self\" class=\"bauer-button btn-587838049 medium no_icon custom outline solid custom\" style=\"border-radius:30px;border-width:2px;\"  data-background=\"#009dd8\" data-border=\"#009dd8\" data-text=\"#ffffff\" data-text-hover=\"#009dd8\" data-background-hover=\"#ffffff\" data-border-hover=\"#009dd8\" data-icon-hover=\"#009dd8\">\r\n\t\t<span style=\"\">Contactez-nous <\/span>\r\n\t<\/a><\/div><\/div>[\/vc_column_inner][\/vc_row_inner]\r\n\t<div class=\"bauer-spacer clearfix\" data-desktop=\"100\" data-mobi=\"80\" data-smobi=\"80\"><\/div>[\/vc_column][\/vc_row]<\/p>\n<\/section>","protected":false},"excerpt":{"rendered":"<p>[vc_row css=\u00a0\u00bb.vc_custom_1675512411619{background-position: center !important;background-repeat: no-repeat !important;background-size: cover !important;}\u00a0\u00bb el_id=\u00a0\u00bbfirst-row\u00a0\u00bb][vc_column width=\u00a0\u00bb1\/2&Prime;][\/vc_column][vc_column width=\u00a0\u00bb1\/2&Prime;][\/vc_column][\/vc_row][vc_row css=\u00a0\u00bb.vc_custom_1675512555647{background-position: center !important;background-repeat: no-repeat !important;background-size: cover !important;}\u00a0\u00bb][vc_column][vc_row_inner column_inner_spacing=\u00a0\u00bb65&Prime;][vc_column_inner][\/vc_column_inner][\/vc_row_inner][\/vc_column][\/vc_row]<\/p>\n","protected":false},"author":1,"featured_media":0,"parent":10717,"menu_order":0,"comment_status":"closed","ping_status":"closed","template":"","meta":{"footnotes":""},"class_list":["post-10813","page","type-page","status-publish","hentry"],"_links":{"self":[{"href":"https:\/\/truemoments.ch\/fr\/wp-json\/wp\/v2\/pages\/10813","targetHints":{"allow":["GET"]}}],"collection":[{"href":"https:\/\/truemoments.ch\/fr\/wp-json\/wp\/v2\/pages"}],"about":[{"href":"https:\/\/truemoments.ch\/fr\/wp-json\/wp\/v2\/types\/page"}],"author":[{"embeddable":true,"href":"https:\/\/truemoments.ch\/fr\/wp-json\/wp\/v2\/users\/1"}],"replies":[{"embeddable":true,"href":"https:\/\/truemoments.ch\/fr\/wp-json\/wp\/v2\/comments?post=10813"}],"version-history":[{"count":11,"href":"https:\/\/truemoments.ch\/fr\/wp-json\/wp\/v2\/pages\/10813\/revisions"}],"predecessor-version":[{"id":11965,"href":"https:\/\/truemoments.ch\/fr\/wp-json\/wp\/v2\/pages\/10813\/revisions\/11965"}],"up":[{"embeddable":true,"href":"https:\/\/truemoments.ch\/fr\/wp-json\/wp\/v2\/pages\/10717"}],"wp:attachment":[{"href":"https:\/\/truemoments.ch\/fr\/wp-json\/wp\/v2\/media?parent=10813"}],"curies":[{"name":"wp","href":"https:\/\/api.w.org\/{rel}","templated":true}]}}