{"id":10855,"date":"2017-10-16T04:10:26","date_gmt":"2017-10-16T02:10:26","guid":{"rendered":"https:\/\/truemoments.ch\/entreprise\/"},"modified":"2025-11-07T12:38:20","modified_gmt":"2025-11-07T11:38:20","slug":"entreprise","status":"publish","type":"page","link":"https:\/\/truemoments.ch\/fr\/entreprise\/","title":{"rendered":"Entreprise"},"content":{"rendered":"<section class=\"wpb-content-wrapper\"><p>[vc_row css=\u00a0\u00bb.vc_custom_1558754119849{background-image: url(https:\/\/truemoments.ch\/wp-content\/uploads\/2019\/05\/main-bg-1.png?id=8860) !important;background-position: center !important;background-repeat: no-repeat !important;background-size: cover !important;}\u00a0\u00bb el_id=\u00a0\u00bbfirst-row\u00a0\u00bb][vc_column]\r\n\t<div class=\"bauer-spacer clearfix\" data-desktop=\"94\" data-mobi=\"60\" data-smobi=\"60\"><\/div>[vc_row_inner][vc_column_inner width=\u00a0\u00bb1\/2&Prime;]\r\n\t<div class=\"bauer-spacer clearfix\" data-desktop=\"55\" data-mobi=\"40\" data-smobi=\"40\"><\/div><h2 class=\"bauer-text clearfix \" style=\"font-size:42px;line-height:50px;margin-bottom:32px;\"><p><span class=\"font-weight-300\">Nous<\/span> exer\u00e7ons notre m\u00e9tier avec passion !<\/p>\n<\/h2><div class=\"bauer-text clearfix \" style=\"\"><p>Fiabilit\u00e9, efficacit\u00e9 et comp\u00e9tence \u2013 des valeurs sur lesquelles nous nous appuyons pour assurer la r\u00e9ussite de nos clients. Pour nous, il va de soi que nos clients peuvent compter sur nous. Notre objectif est que nos partenaires puissent obtenir le plus grand succ\u00e8s possible &#8211; c\u2019est pourquoi nous nous engageons avec une passion et un engagement hors pair.<\/p>\n<p>Nous mettons notre expertise et notre sens du service \u00e0 contribution pour r\u00e9pondre aux besoins et nous investissons toute notre \u00e9nergie dans chaque projet.<\/p>\n<\/div>\r\n\t<div class=\"bauer-spacer clearfix\" data-desktop=\"60\" data-mobi=\"30\" data-smobi=\"30\"><\/div>[\/vc_column_inner][vc_column_inner width=\u00a0\u00bb1\/2&Prime;]\r\n\t<div class=\"bauer-spacer clearfix\" data-desktop=\"55\" data-mobi=\"40\" data-smobi=\"40\"><\/div><div class=\"bauer-simple-image text-center\" style=\"\" >\r\n\t\t\t<img decoding=\"async\" alt=\"image\" src=\"https:\/\/truemoments.ch\/wp-content\/uploads\/2023\/02\/Layout_truemoments021.jpg\" \/> \r\n\t\t<\/div>[\/vc_column_inner][\/vc_row_inner]\r\n\t<div class=\"bauer-spacer clearfix\" data-desktop=\"100\" data-mobi=\"60\" data-smobi=\"60\"><\/div>[\/vc_column][\/vc_row][vc_section css=\u00a0\u00bb.vc_custom_1687433645270{background-color: #f9fafc !important;}\u00a0\u00bb][vc_row][vc_column]\r\n\t<div class=\"bauer-spacer clearfix\" data-desktop=\"30\" data-mobi=\"30\" data-smobi=\"30\"><\/div><div class=\"bauer-single-heading clearfix text-center\" style=\"margin-bottom:24px;\"><span class=\"inner\"><span class=\"heading clearfix \" style=\"font-weight:600;color:#009dd8;font-size:18px;\">\r\n\t\tT\u00c9MOIGNAGES\r\n\t<\/span><\/span><\/div><h2 class=\"bauer-text clearfix text-center\" style=\"font-size:42px;line-height:50px;margin-bottom:30px;max-width:760px;margin-left: auto; margin-right: auto;\"><p><span class=\"font-weight-300\">Ce que<\/span> nos clients <span class=\"font-weight-300\">disent de nous<\/span><\/p>\n<\/h2>[\/vc_column][\/vc_row][vc_row el_id=\u00a0\u00bbjd_add\u00a0\u00bb css=\u00a0\u00bb.vc_custom_1751307226865{background-image: url(https:\/\/truemoments.ch\/wp-content\/uploads\/2023\/06\/My-project.png?id=10487) !important;background-position: 0 0 !important;background-repeat: no-repeat !important;}\u00a0\u00bb][vc_column width=\u00a0\u00bb1\/4&Prime;][\/vc_column][vc_column width=\u00a0\u00bb3\/4&Prime;]\r\n\t<div class=\"bauer-spacer clearfix\" data-desktop=\"60\" data-mobi=\"40\" data-smobi=\"40\"><\/div><div class=\"bauer-carousel-box arrow-style-1 arrow-center offset50 offset-v0 has-bullets has-arrows arrow50 bullet25\" data-auto=\"true\" data-loop=\"false\" data-gap=\"30\" data-column=\"2\" data-column2=\"2\" data-column3=\"1\">\r\n        <div class=\"owl-carousel owl-theme\"><div class=\"bauer-testimonials light clearfix style-1 simple\" style=\"\">\r\n        <div class=\"inner\" style=\"padding:38px 30px 30px 30px;border-radius:5px;\">\r\n\t    <div class=\"image-wrap\">\r\n\t    \t<div class=\"thumb\" style=\"max-width:100px;margin-bottom:26px;\"><img loading=\"lazy\" decoding=\"async\" width=\"600\" height=\"600\" src=\"https:\/\/truemoments.ch\/wp-content\/uploads\/2025\/06\/Star.png\" class=\"attachment-full size-full\" alt=\"\" srcset=\"https:\/\/truemoments.ch\/wp-content\/uploads\/2025\/06\/Star.png 600w, https:\/\/truemoments.ch\/wp-content\/uploads\/2025\/06\/Star-300x300.png 300w, https:\/\/truemoments.ch\/wp-content\/uploads\/2025\/06\/Star-150x150.png 150w, https:\/\/truemoments.ch\/wp-content\/uploads\/2025\/06\/Star-480x480.png 480w, https:\/\/truemoments.ch\/wp-content\/uploads\/2025\/06\/Star-140x140.png 140w, https:\/\/truemoments.ch\/wp-content\/uploads\/2025\/06\/Star-550x550.png 550w, https:\/\/truemoments.ch\/wp-content\/uploads\/2025\/06\/Star-100x100.png 100w\" sizes=\"auto, (max-width: 600px) 100vw, 600px\" \/><\/div>\r\n\t    <\/div>\r\n\t    <div class=\"name-wrap\" style=\"margin-bottom:18px;\">\r\n\t    \t<div class=\"name-pos\" style=\"\"><h6 class=\"name\" style=\"\"><span>Client international depuis plus de 15 ans \u2013 \u00c9lectronique grand public<\/span><\/h6> <span class=\"position\" style=\"\">Product Manager DACH \u2013 Marketing \/ Trade Marketing<\/span><\/div>\r\n\t    <\/div>\r\n\t    <div class=\"text-wrap\">\r\n\t    <blockquote class=\"text\" style=\"font-style:normal;\"><p>True Moments est notre partenaire de confiance depuis le premier jour pour le merchandising et les conseils sp\u00e9cialis\u00e9s dans le secteur de l\u2019\u00e9lectronique grand public. Nous appr\u00e9cions tout particuli\u00e8rement leur flexibilit\u00e9 et leurs solutions pragmatiques.<\/p>\n<\/blockquote>\r\n\t    <\/div>\r\n    <\/div>\r\n    <\/div><div class=\"bauer-testimonials light clearfix style-1 simple\" style=\"\">\r\n        <div class=\"inner\" style=\"padding:38px 30px 30px 30px;border-radius:5px;\">\r\n\t    <div class=\"image-wrap\">\r\n\t    \t<div class=\"thumb\" style=\"max-width:100px;margin-bottom:26px;\"><img loading=\"lazy\" decoding=\"async\" width=\"600\" height=\"600\" src=\"https:\/\/truemoments.ch\/wp-content\/uploads\/2025\/06\/Star.png\" class=\"attachment-full size-full\" alt=\"\" srcset=\"https:\/\/truemoments.ch\/wp-content\/uploads\/2025\/06\/Star.png 600w, https:\/\/truemoments.ch\/wp-content\/uploads\/2025\/06\/Star-300x300.png 300w, https:\/\/truemoments.ch\/wp-content\/uploads\/2025\/06\/Star-150x150.png 150w, https:\/\/truemoments.ch\/wp-content\/uploads\/2025\/06\/Star-480x480.png 480w, https:\/\/truemoments.ch\/wp-content\/uploads\/2025\/06\/Star-140x140.png 140w, https:\/\/truemoments.ch\/wp-content\/uploads\/2025\/06\/Star-550x550.png 550w, https:\/\/truemoments.ch\/wp-content\/uploads\/2025\/06\/Star-100x100.png 100w\" sizes=\"auto, (max-width: 600px) 100vw, 600px\" \/><\/div>\r\n\t    <\/div>\r\n\t    <div class=\"name-wrap\" style=\"margin-bottom:18px;\">\r\n\t    \t<div class=\"name-pos\" style=\"\"><h6 class=\"name\" style=\"\"><span>Client international de longue date \u2013 Technologies sportives et outdoor<\/span><\/h6> <span class=\"position\" style=\"\">Key Account Manager DACH - Accessoires de sport haut de gamme<\/span><\/div>\r\n\t    <\/div>\r\n\t    <div class=\"text-wrap\">\r\n\t    <blockquote class=\"text\" style=\"font-style:normal;\"><p>Nous collaborons depuis plusieurs ann\u00e9es avec l\u2019agence True Moments en Suisse et sommes pleinement satisfaits de cette coop\u00e9ration. L\u2019\u00e9quipe se distingue par son approche ax\u00e9e sur un contact client de qualit\u00e9 et la mise en \u0153uvre fid\u00e8le \u00e0 l\u2019image de marque \u2013 toujours avec professionnalisme, fiabilit\u00e9 et un sens \u00e9lev\u00e9 de la qualit\u00e9 et du service. <\/p>\n<p>L\u2019\u00e9quipe de True Moments agit avec engagement et sens des solutions, que ce soit lors d\u2019interventions dans toute la Suisse ou lors d\u2019actions cibl\u00e9es en Suisse al\u00e9manique. Les structures flexibles et les circuits de d\u00e9cision courts sont particuli\u00e8rement remarquables : ils permettent de r\u00e9pondre rapidement et efficacement aux demandes de derni\u00e8re minute. <\/p>\n<p>True Moments nous a fortement soutenus dans les domaines du contr\u00f4le des phases de vente, de l\u2019excellence au point de vente, du soutien \u00e0 la vente et des promotions \u2013 avec une contribution d\u00e9cisive \u00e0 la pr\u00e9sence r\u00e9ussie de notre marque sur le point de vente.<\/p>\n<p>Nous recommandons sans r\u00e9serve la collaboration avec True Moments.<\/p>\n<\/blockquote>\r\n\t    <\/div>\r\n    <\/div>\r\n    <\/div><div class=\"bauer-testimonials light clearfix style-1 simple\" style=\"\">\r\n        <div class=\"inner\" style=\"padding:38px 30px 30px 30px;border-radius:5px;\">\r\n\t    <div class=\"image-wrap\">\r\n\t    \t<div class=\"thumb\" style=\"max-width:100px;margin-bottom:26px;\"><img loading=\"lazy\" decoding=\"async\" width=\"600\" height=\"600\" src=\"https:\/\/truemoments.ch\/wp-content\/uploads\/2025\/06\/Star.png\" class=\"attachment-full size-full\" alt=\"\" srcset=\"https:\/\/truemoments.ch\/wp-content\/uploads\/2025\/06\/Star.png 600w, https:\/\/truemoments.ch\/wp-content\/uploads\/2025\/06\/Star-300x300.png 300w, https:\/\/truemoments.ch\/wp-content\/uploads\/2025\/06\/Star-150x150.png 150w, https:\/\/truemoments.ch\/wp-content\/uploads\/2025\/06\/Star-480x480.png 480w, https:\/\/truemoments.ch\/wp-content\/uploads\/2025\/06\/Star-140x140.png 140w, https:\/\/truemoments.ch\/wp-content\/uploads\/2025\/06\/Star-550x550.png 550w, https:\/\/truemoments.ch\/wp-content\/uploads\/2025\/06\/Star-100x100.png 100w\" sizes=\"auto, (max-width: 600px) 100vw, 600px\" \/><\/div>\r\n\t    <\/div>\r\n\t    <div class=\"name-wrap\" style=\"margin-bottom:18px;\">\r\n\t    \t<div class=\"name-pos\" style=\"\"><h6 class=\"name\" style=\"\"><span>Client international de longue date \u2014 secteur des technologies de la sant\u00e9 : soins corporels, dispositifs m\u00e9dicaux et lifestyle.<\/span><\/h6> <span class=\"position\" style=\"\">Directrice g\u00e9n\u00e9rale<\/span><\/div>\r\n\t    <\/div>\r\n\t    <div class=\"text-wrap\">\r\n\t    <blockquote class=\"text\" style=\"font-style:normal;\"><p><span>Nous collaborons avec True Moments depuis plusieurs ann\u00e9es et appr\u00e9cions \u00e9norm\u00e9ment cette coop\u00e9ration. L\u2019\u00e9quipe autour de Marcel Niedermann se distingue par une grande expertise professionnelle, une fiabilit\u00e9 sans faille et une mani\u00e8re de travailler \u00e0 la fois agr\u00e9able et professionnelle. Il convient de souligner en particulier la solide connaissance du secteur, toujours mise en \u0153uvre de mani\u00e8re cibl\u00e9e.  <\/span><span>Nous recommandons True Moments chaleureusement et sans r\u00e9serve.<\/span><\/p>\n<\/blockquote>\r\n\t    <\/div>\r\n    <\/div>\r\n    <\/div><\/div>\r\n\t<\/div>\r\n\t<div class=\"bauer-spacer clearfix\" data-desktop=\"60\" data-mobi=\"40\" data-smobi=\"40\"><\/div>[\/vc_column][\/vc_row][\/vc_section][vc_row css=\u00a0\u00bb.vc_custom_1675512555647{background-position: center !important;background-repeat: no-repeat !important;background-size: cover !important;}\u00a0\u00bb][vc_column]\r\n\t<div class=\"bauer-spacer clearfix\" data-desktop=\"80\" data-mobi=\"60\" data-smobi=\"60\"><\/div>[vc_row_inner column_inner_spacing=\u00a0\u00bb65&Prime;][vc_column_inner]<h2 class=\"bauer-text clearfix text-center\" style=\"font-size:42px;line-height:50px;margin-bottom:32px;max-width:1200px;margin-left: auto; margin-right: auto;\"><p><span class=\"font-weight-300\">Nous nous r\u00e9jouissons de faire votre connaissance ainsi que celle de votre projet. Nous mettons volontiers notre expertise \u00e0 votre service. <\/span><\/p>\n<\/h2>\r\n\t<div class=\"bauer-spacer clearfix\" data-desktop=\"50\" data-mobi=\"10\" data-smobi=\"10\"><\/div><div class=\"bauer-align-box text-center\"><div class=\"button-wrap icon-right\" style=\"\" ><a href=\"https:\/\/truemoments.ch\/fr\/kontakt\/\" target=\"_self\" class=\"bauer-button btn-494967630 medium no_icon custom outline solid custom\" style=\"border-radius:30px;border-width:2px;\"  data-background=\"#009dd8\" data-border=\"#009dd8\" data-text=\"#ffffff\" data-text-hover=\"#009dd8\" data-background-hover=\"#ffffff\" data-border-hover=\"#009dd8\" data-icon-hover=\"#009dd8\">\r\n\t\t<span style=\"\">Contactez-nous <\/span>\r\n\t<\/a><\/div><\/div>[\/vc_column_inner][\/vc_row_inner]\r\n\t<div class=\"bauer-spacer clearfix\" data-desktop=\"80\" data-mobi=\"80\" data-smobi=\"80\"><\/div>[\/vc_column][\/vc_row]<\/p>\n<\/section>","protected":false},"excerpt":{"rendered":"<p>[vc_row css=\u00a0\u00bb.vc_custom_1558754119849{background-image: url(https:\/\/truemoments.ch\/wp-content\/uploads\/2019\/05\/main-bg-1.png?id=8860) !important;background-position: center !important;background-repeat: no-repeat !important;background-size: cover !important;}\u00a0\u00bb el_id=\u00a0\u00bbfirst-row\u00a0\u00bb][vc_column][vc_row_inner][vc_column_inner width=\u00a0\u00bb1\/2&Prime;][\/vc_column_inner][vc_column_inner width=\u00a0\u00bb1\/2&Prime;][\/vc_column_inner][\/vc_row_inner][\/vc_column][\/vc_row][vc_section css=\u00a0\u00bb.vc_custom_1687433645270{background-color: #f9fafc !important;}\u00a0\u00bb][vc_row][vc_column][\/vc_column][\/vc_row][vc_row el_id=\u00a0\u00bbjd_add\u00a0\u00bb css=\u00a0\u00bb.vc_custom_1751307226865{background-image: url(https:\/\/truemoments.ch\/wp-content\/uploads\/2023\/06\/My-project.png?id=10487) !important;background-position: 0 0 !important;background-repeat: no-repeat !important;}\u00a0\u00bb][vc_column width=\u00a0\u00bb1\/4&Prime;][\/vc_column][vc_column width=\u00a0\u00bb3\/4&Prime;][\/vc_column][\/vc_row][\/vc_section][vc_row css=\u00a0\u00bb.vc_custom_1675512555647{background-position: center !important;background-repeat: no-repeat !important;background-size: cover !important;}\u00a0\u00bb][vc_column][vc_row_inner column_inner_spacing=\u00a0\u00bb65&Prime;][vc_column_inner][\/vc_column_inner][\/vc_row_inner][\/vc_column][\/vc_row]<\/p>\n","protected":false},"author":1,"featured_media":0,"parent":0,"menu_order":0,"comment_status":"closed","ping_status":"closed","template":"","meta":{"footnotes":""},"class_list":["post-10855","page","type-page","status-publish","hentry"],"_links":{"self":[{"href":"https:\/\/truemoments.ch\/fr\/wp-json\/wp\/v2\/pages\/10855","targetHints":{"allow":["GET"]}}],"collection":[{"href":"https:\/\/truemoments.ch\/fr\/wp-json\/wp\/v2\/pages"}],"about":[{"href":"https:\/\/truemoments.ch\/fr\/wp-json\/wp\/v2\/types\/page"}],"author":[{"embeddable":true,"href":"https:\/\/truemoments.ch\/fr\/wp-json\/wp\/v2\/users\/1"}],"replies":[{"embeddable":true,"href":"https:\/\/truemoments.ch\/fr\/wp-json\/wp\/v2\/comments?post=10855"}],"version-history":[{"count":25,"href":"https:\/\/truemoments.ch\/fr\/wp-json\/wp\/v2\/pages\/10855\/revisions"}],"predecessor-version":[{"id":11784,"href":"https:\/\/truemoments.ch\/fr\/wp-json\/wp\/v2\/pages\/10855\/revisions\/11784"}],"wp:attachment":[{"href":"https:\/\/truemoments.ch\/fr\/wp-json\/wp\/v2\/media?parent=10855"}],"curies":[{"name":"wp","href":"https:\/\/api.w.org\/{rel}","templated":true}]}}