{"id":10858,"date":"2022-12-10T12:42:28","date_gmt":"2022-12-10T11:42:28","guid":{"rendered":"https:\/\/truemoments.ch\/postes-ouverts\/"},"modified":"2025-08-27T10:21:31","modified_gmt":"2025-08-27T08:21:31","slug":"postes-ouverts","status":"publish","type":"page","link":"https:\/\/truemoments.ch\/fr\/postes-ouverts\/","title":{"rendered":"Postes ouverts"},"content":{"rendered":"<section class=\"wpb-content-wrapper\"><p>[vc_row css=\u00a0\u00bb.vc_custom_1675512270020{background-position: center !important;background-repeat: no-repeat !important;background-size: cover !important;}\u00a0\u00bb][vc_column]\r\n\t<div class=\"bauer-spacer clearfix\" data-desktop=\"100\" data-mobi=\"60\" data-smobi=\"60\"><\/div>[vc_row_inner][vc_column_inner width=\u00a0\u00bb1\/2&Prime;]\r\n\t<div class=\"bauer-spacer clearfix\" data-desktop=\"52\" data-mobi=\"30\" data-smobi=\"30\"><\/div><h2 class=\"bauer-text clearfix \" style=\"font-size:42px;line-height:50px;color:#030f27;\"><p>Postes ouverts \u2013 <span class=\"font-weight-300\">pour les personnes motiv\u00e9es, curieuses et passionn\u00e9es.<\/span> <\/p>\n<\/h2>[\/vc_column_inner][vc_column_inner width=\u00a0\u00bb1\/2&Prime;]\r\n\t<div class=\"bauer-spacer clearfix\" data-desktop=\"52\" data-mobi=\"30\" data-smobi=\"30\"><\/div><div class=\"bauer-text clearfix \" style=\"font-size:18px;line-height:30px;color:#414042;\"><p>Vous cherchez \u00e0 relever un nouveau d\u00e9fi professionnel stimulant ? Voici les postes actuellement ouverts au sein de notre \u00e9quipe.<\/p>\n<p>Nous nous r\u00e9jouissons de recevoir votre dossier de candidature complet par e-mail <a href=\"mailto:contact@truemoments.ch\">contact@truemoments.ch<\/a>.<\/p>\n<\/div>[\/vc_column_inner][\/vc_row_inner]\r\n\t<div class=\"bauer-spacer clearfix\" data-desktop=\"70\" data-mobi=\"50\" data-smobi=\"50\"><\/div>[vc_row_inner][vc_column_inner]<div class=\"bauer-align-box text-left\"><div class=\"bauer-icon-box clearfix icon-left align-left hover-style-1 simple\" style=\"background-color:#ffffff;padding:25px 25px 27px;border-radius:5px;border:1px solid #e7e7e7;\" ><div class=\"hover\" style=\"border-radius:5px;background-image:url(https:\/\/truemoments.ch\/wp-content\/uploads\/2023\/02\/business-people-shaking-hands-together.jpg);\"><\/div><div class=\"wrap-inner\" style=\"position: relative;\"><div class=\"bauer-icon icon-2001840803 accent custom\"  data-background=\"\">\r\n\t\t\t\t<span class=\"icon\" style=\"font-size:50px;width:50px;height:50px;border-style:solid;line-height:50px;\"><i class=\"vc_li vc_li-user\"><\/i><\/span>\r\n\t\t\t<\/div> <h3 class=\"heading \" style=\"padding-left:75px;font-size:20px;line-height:24px;margin-bottom:12px;\">\r\n\t\t\t<span>Conseiller\u00b7\u00e8re sp\u00e9cialis\u00e9\u00b7e \/ Promoteur\u00b7rice<\/span>\r\n\t\t<\/h3><div class=\"desc\" style=\"padding-left:75px;font-size:14px;margin-bottom:35px;\"><p><strong><\/strong>Pour renforcer notre \u00e9quipe de conseillers sp\u00e9cialis\u00e9s, nous recherchons une personne <strong>motiv\u00e9e, \u00e0 l\u2019aise dans le contact avec la client\u00e8le<\/strong>, pour un poste \u00e0 40\u202f% dans les cantons de Zurich et\/ou Lucerne. Ses missions incluront des conseils sp\u00e9cialis\u00e9s, des d\u00e9monstrations de produits et le contr\u00f4le des points de vente.<\/p>\n<\/div><div class=\"url-wrap\" style=\"padding-left:75px;\">\r\n\t\t\t<a target=\"_blank\" class=\"bauer-links link-style-1\" href=\"https:\/\/truemoments.ch\/wp-content\/uploads\/2025\/08\/2025-08-27_Stelleninserat_FachberaterIn_alle-Regionen.pdf\" style=\"color:#009dd8;\">\r\n\t\t\t\t<span class=\"text\">En savoir plus<\/span>\r\n\t\t\t<\/a>\r\n\t\t<\/div> <div class=\"hover\" style=\"border-radius:5px;background-image:url(https:\/\/truemoments.ch\/wp-content\/uploads\/2023\/02\/business-people-shaking-hands-together.jpg);\"><\/div><\/div><\/div>\r\n\t<div class=\"bauer-spacer clearfix\" data-desktop=\"0\" data-mobi=\"30\" data-smobi=\"30\"><\/div><\/div>[\/vc_column_inner][\/vc_row_inner][\/vc_column][\/vc_row][vc_row css=\u00a0\u00bb.vc_custom_1675512555647{background-position: center !important;background-repeat: no-repeat !important;background-size: cover !important;}\u00a0\u00bb][vc_column]\r\n\t<div class=\"bauer-spacer clearfix\" data-desktop=\"100\" data-mobi=\"60\" data-smobi=\"60\"><\/div>[vc_row_inner column_inner_spacing=\u00a0\u00bb65&Prime;][vc_column_inner]<h2 class=\"bauer-text clearfix text-center\" style=\"font-size:42px;line-height:50px;margin-bottom:32px;max-width:1200px;margin-left: auto; margin-right: auto;\"><p><span class=\"font-weight-300\">Nous avons h\u00e2te de faire votre connaissance.<\/span><\/p>\n<\/h2>\r\n\t<div class=\"bauer-spacer clearfix\" data-desktop=\"50\" data-mobi=\"10\" data-smobi=\"10\"><\/div><div class=\"bauer-align-box text-center\"><div class=\"button-wrap icon-right\" style=\"\" ><a href=\"mailto:contact@truemoments.ch\" target=\"_self\" class=\"bauer-button btn-362306985 medium no_icon custom outline solid custom\" style=\"border-radius:30px;border-width:2px;\"  data-background=\"#009dd8\" data-border=\"#009dd8\" data-text=\"#ffffff\" data-text-hover=\"#009dd8\" data-background-hover=\"#ffffff\" data-border-hover=\"#009dd8\" data-icon-hover=\"#009dd8\">\r\n\t\t<span style=\"\">Envoyez-nous votre candidature <\/span>\r\n\t<\/a><\/div><\/div>[\/vc_column_inner][\/vc_row_inner]\r\n\t<div class=\"bauer-spacer clearfix\" data-desktop=\"120\" data-mobi=\"80\" data-smobi=\"80\"><\/div>[\/vc_column][\/vc_row]<\/p>\n<\/section>","protected":false},"excerpt":{"rendered":"<p>[vc_row css=\u00a0\u00bb.vc_custom_1675512270020{background-position: center !important;background-repeat: no-repeat !important;background-size: cover !important;}\u00a0\u00bb][vc_column][vc_row_inner][vc_column_inner width=\u00a0\u00bb1\/2&Prime;][\/vc_column_inner][vc_column_inner width=\u00a0\u00bb1\/2&Prime;][\/vc_column_inner][\/vc_row_inner][vc_row_inner][vc_column_inner][\/vc_column_inner][\/vc_row_inner][\/vc_column][\/vc_row][vc_row css=\u00a0\u00bb.vc_custom_1675512555647{background-position: center !important;background-repeat: no-repeat !important;background-size: cover !important;}\u00a0\u00bb][vc_column][vc_row_inner column_inner_spacing=\u00a0\u00bb65&Prime;][vc_column_inner][\/vc_column_inner][\/vc_row_inner][\/vc_column][\/vc_row]<\/p>\n","protected":false},"author":1,"featured_media":0,"parent":0,"menu_order":0,"comment_status":"closed","ping_status":"closed","template":"","meta":{"footnotes":""},"class_list":["post-10858","page","type-page","status-publish","hentry"],"_links":{"self":[{"href":"https:\/\/truemoments.ch\/fr\/wp-json\/wp\/v2\/pages\/10858","targetHints":{"allow":["GET"]}}],"collection":[{"href":"https:\/\/truemoments.ch\/fr\/wp-json\/wp\/v2\/pages"}],"about":[{"href":"https:\/\/truemoments.ch\/fr\/wp-json\/wp\/v2\/types\/page"}],"author":[{"embeddable":true,"href":"https:\/\/truemoments.ch\/fr\/wp-json\/wp\/v2\/users\/1"}],"replies":[{"embeddable":true,"href":"https:\/\/truemoments.ch\/fr\/wp-json\/wp\/v2\/comments?post=10858"}],"version-history":[{"count":12,"href":"https:\/\/truemoments.ch\/fr\/wp-json\/wp\/v2\/pages\/10858\/revisions"}],"predecessor-version":[{"id":11591,"href":"https:\/\/truemoments.ch\/fr\/wp-json\/wp\/v2\/pages\/10858\/revisions\/11591"}],"wp:attachment":[{"href":"https:\/\/truemoments.ch\/fr\/wp-json\/wp\/v2\/media?parent=10858"}],"curies":[{"name":"wp","href":"https:\/\/api.w.org\/{rel}","templated":true}]}}