{"id":10907,"date":"2017-10-16T04:10:26","date_gmt":"2017-10-16T02:10:26","guid":{"rendered":"https:\/\/truemoments.ch\/azienda\/"},"modified":"2025-11-07T12:41:21","modified_gmt":"2025-11-07T11:41:21","slug":"azienda","status":"publish","type":"page","link":"https:\/\/truemoments.ch\/it\/azienda\/","title":{"rendered":"Azienda"},"content":{"rendered":"<section class=\"wpb-content-wrapper\"><p>[vc_row css=&#8221;.vc_custom_1558754119849{background-image: url(https:\/\/truemoments.ch\/wp-content\/uploads\/2019\/05\/main-bg-1.png?id=8860) !important;background-position: center !important;background-repeat: no-repeat !important;background-size: cover !important;}&#8221; el_id=&#8221;first-row&#8221;][vc_column]\r\n\t<div class=\"bauer-spacer clearfix\" data-desktop=\"94\" data-mobi=\"60\" data-smobi=\"60\"><\/div>[vc_row_inner][vc_column_inner width=&#8221;1\/2&#8243;]\r\n\t<div class=\"bauer-spacer clearfix\" data-desktop=\"55\" data-mobi=\"40\" data-smobi=\"40\"><\/div><h2 class=\"bauer-text clearfix \" style=\"font-size:42px;line-height:50px;margin-bottom:32px;\"><p><span class=\"font-weight-300\">Ci<\/span> mettiamo passione in tutto ci\u00f2 che facciamo!<\/p>\n<\/h2><div class=\"bauer-text clearfix \" style=\"\"><p>Affidabilit\u00e0, efficienza e competenza: sono i valori su cui costruiamo il successo dei nostri clienti. Per noi, essere un partner di fiducia \u00e8 naturale. Ci impegniamo con entusiasmo e dedizione per garantire ai nostri partner risultati eccezionali.  <\/p>\n<p>Con competenza e uno spiccato senso del servizio, rispondiamo in modo personalizzato alle esigenze dei nostri clienti, mettendo passione e cura in ogni progetto.<\/p>\n<\/div>\r\n\t<div class=\"bauer-spacer clearfix\" data-desktop=\"60\" data-mobi=\"30\" data-smobi=\"30\"><\/div>[\/vc_column_inner][vc_column_inner width=&#8221;1\/2&#8243;]\r\n\t<div class=\"bauer-spacer clearfix\" data-desktop=\"55\" data-mobi=\"40\" data-smobi=\"40\"><\/div><div class=\"bauer-simple-image text-center\" style=\"\" >\r\n\t\t\t<img decoding=\"async\" alt=\"image\" src=\"https:\/\/truemoments.ch\/wp-content\/uploads\/2023\/02\/Layout_truemoments021.jpg\" \/> \r\n\t\t<\/div>[\/vc_column_inner][\/vc_row_inner]\r\n\t<div class=\"bauer-spacer clearfix\" data-desktop=\"100\" data-mobi=\"60\" data-smobi=\"60\"><\/div>[\/vc_column][\/vc_row][vc_section css=&#8221;.vc_custom_1687433645270{background-color: #f9fafc !important;}&#8221;][vc_row][vc_column]\r\n\t<div class=\"bauer-spacer clearfix\" data-desktop=\"30\" data-mobi=\"30\" data-smobi=\"30\"><\/div><div class=\"bauer-single-heading clearfix text-center\" style=\"margin-bottom:24px;\"><span class=\"inner\"><span class=\"heading clearfix \" style=\"font-weight:600;color:#009dd8;font-size:18px;\">\r\n\t\tREFERENZE\r\n\t<\/span><\/span><\/div><h2 class=\"bauer-text clearfix text-center\" style=\"font-size:42px;line-height:50px;margin-bottom:30px;max-width:760px;margin-left: auto; margin-right: auto;\"><p><span class=\"font-weight-300\">Cosa dicono<\/span> i nostri clienti <span class=\"font-weight-300\">di noi<\/span><\/p>\n<\/h2>[\/vc_column][\/vc_row][vc_row el_id=&#8221;jd_add&#8221; css=&#8221;.vc_custom_1751307226865{background-image: url(https:\/\/truemoments.ch\/wp-content\/uploads\/2023\/06\/My-project.png?id=10487) !important;background-position: 0 0 !important;background-repeat: no-repeat !important;}&#8221;][vc_column width=&#8221;1\/4&#8243;][\/vc_column][vc_column width=&#8221;3\/4&#8243;]\r\n\t<div class=\"bauer-spacer clearfix\" data-desktop=\"60\" data-mobi=\"40\" data-smobi=\"40\"><\/div><div class=\"bauer-carousel-box arrow-style-1 arrow-center offset50 offset-v0 has-bullets has-arrows arrow50 bullet25\" data-auto=\"true\" data-loop=\"false\" data-gap=\"30\" data-column=\"2\" data-column2=\"2\" data-column3=\"1\">\r\n        <div class=\"owl-carousel owl-theme\"><div class=\"bauer-testimonials light clearfix style-1 simple\" style=\"\">\r\n        <div class=\"inner\" style=\"padding:38px 30px 30px 30px;border-radius:5px;\">\r\n\t    <div class=\"image-wrap\">\r\n\t    \t<div class=\"thumb\" style=\"max-width:100px;margin-bottom:26px;\"><img loading=\"lazy\" decoding=\"async\" width=\"600\" height=\"600\" src=\"https:\/\/truemoments.ch\/wp-content\/uploads\/2025\/06\/Star.png\" class=\"attachment-full size-full\" alt=\"\" srcset=\"https:\/\/truemoments.ch\/wp-content\/uploads\/2025\/06\/Star.png 600w, https:\/\/truemoments.ch\/wp-content\/uploads\/2025\/06\/Star-300x300.png 300w, https:\/\/truemoments.ch\/wp-content\/uploads\/2025\/06\/Star-150x150.png 150w, https:\/\/truemoments.ch\/wp-content\/uploads\/2025\/06\/Star-480x480.png 480w, https:\/\/truemoments.ch\/wp-content\/uploads\/2025\/06\/Star-140x140.png 140w, https:\/\/truemoments.ch\/wp-content\/uploads\/2025\/06\/Star-550x550.png 550w, https:\/\/truemoments.ch\/wp-content\/uploads\/2025\/06\/Star-100x100.png 100w\" sizes=\"auto, (max-width: 600px) 100vw, 600px\" \/><\/div>\r\n\t    <\/div>\r\n\t    <div class=\"name-wrap\" style=\"margin-bottom:18px;\">\r\n\t    \t<div class=\"name-pos\" style=\"\"><h6 class=\"name\" style=\"\"><span>Cliente internazionale da oltre 15 anni \u2013 Elettronica di consumo<\/span><\/h6> <span class=\"position\" style=\"\">Product Manager DACH \u2013 Marketing \/ Trade Marketing<\/span><\/div>\r\n\t    <\/div>\r\n\t    <div class=\"text-wrap\">\r\n\t    <blockquote class=\"text\" style=\"font-style:normal;\"><p>True Moments \u00e8 stato il nostro partner affidabile fin dal primo giorno per il merchandising e la consulenza specializzata nel settore dell\u2019elettronica di consumo. Ne apprezziamo moltissimo la flessibilit\u00e0 e l\u2019approccio pragmatico orientato alle soluzioni.<\/p>\n<\/blockquote>\r\n\t    <\/div>\r\n    <\/div>\r\n    <\/div><div class=\"bauer-testimonials light clearfix style-1 simple\" style=\"\">\r\n        <div class=\"inner\" style=\"padding:38px 30px 30px 30px;border-radius:5px;\">\r\n\t    <div class=\"image-wrap\">\r\n\t    \t<div class=\"thumb\" style=\"max-width:100px;margin-bottom:26px;\"><img loading=\"lazy\" decoding=\"async\" width=\"600\" height=\"600\" src=\"https:\/\/truemoments.ch\/wp-content\/uploads\/2025\/06\/Star.png\" class=\"attachment-full size-full\" alt=\"\" srcset=\"https:\/\/truemoments.ch\/wp-content\/uploads\/2025\/06\/Star.png 600w, https:\/\/truemoments.ch\/wp-content\/uploads\/2025\/06\/Star-300x300.png 300w, https:\/\/truemoments.ch\/wp-content\/uploads\/2025\/06\/Star-150x150.png 150w, https:\/\/truemoments.ch\/wp-content\/uploads\/2025\/06\/Star-480x480.png 480w, https:\/\/truemoments.ch\/wp-content\/uploads\/2025\/06\/Star-140x140.png 140w, https:\/\/truemoments.ch\/wp-content\/uploads\/2025\/06\/Star-550x550.png 550w, https:\/\/truemoments.ch\/wp-content\/uploads\/2025\/06\/Star-100x100.png 100w\" sizes=\"auto, (max-width: 600px) 100vw, 600px\" \/><\/div>\r\n\t    <\/div>\r\n\t    <div class=\"name-wrap\" style=\"margin-bottom:18px;\">\r\n\t    \t<div class=\"name-pos\" style=\"\"><h6 class=\"name\" style=\"\"><span>Cliente internazionale di lunga data \u2013 Tecnologia sportiva e outdoor<\/span><\/h6> <span class=\"position\" style=\"\">Key Account Manager DACH - Accessori sportivi premium<\/span><\/div>\r\n\t    <\/div>\r\n\t    <div class=\"text-wrap\">\r\n\t    <blockquote class=\"text\" style=\"font-style:normal;\"><p>Collaboriamo da tempo con True Moments GmbH (Svizzera) e apprezziamo profondamente questa partnership. L\u2019agenzia si distingue per un approccio mirato al contatto clienti di alta qualit\u00e0 e per l\u2019esecuzione coerente con la nostra identit\u00e0 di marca \u2014 sempre con professionalit\u00e0, affidabilit\u00e0 e una forte attenzione alla qualit\u00e0 e al servizio. <\/p>\n<p>Il team di True Moments lavora con impegno e orientamento alla soluzione \u2014 sia durante attivit\u00e0 su scala nazionale, sia in interventi mirati nella Svizzera tedesca. Meritano una menzione speciale le strutture flessibili e i processi decisionali rapidi, che consentono di affrontare con efficacia anche le richieste dell\u2019ultimo minuto. <\/p>\n<p>True Moments ci ha fornito un supporto concreto nella gestione del sell-in, nell\u2019eccellenza sul punto vendita, nell\u2019assistenza alle vendite e nelle promozioni \u2014 contribuendo in modo significativo alla visibilit\u00e0 vincente del nostro marchio sul retail.<\/p>\n<p>Raccomandiamo senza esitazione la collaborazione con True Moments.<\/p>\n<\/blockquote>\r\n\t    <\/div>\r\n    <\/div>\r\n    <\/div><div class=\"bauer-testimonials light clearfix style-1 simple\" style=\"\">\r\n        <div class=\"inner\" style=\"padding:38px 30px 30px 30px;border-radius:5px;\">\r\n\t    <div class=\"image-wrap\">\r\n\t    \t<div class=\"thumb\" style=\"max-width:100px;margin-bottom:26px;\"><img loading=\"lazy\" decoding=\"async\" width=\"600\" height=\"600\" src=\"https:\/\/truemoments.ch\/wp-content\/uploads\/2025\/06\/Star.png\" class=\"attachment-full size-full\" alt=\"\" srcset=\"https:\/\/truemoments.ch\/wp-content\/uploads\/2025\/06\/Star.png 600w, https:\/\/truemoments.ch\/wp-content\/uploads\/2025\/06\/Star-300x300.png 300w, https:\/\/truemoments.ch\/wp-content\/uploads\/2025\/06\/Star-150x150.png 150w, https:\/\/truemoments.ch\/wp-content\/uploads\/2025\/06\/Star-480x480.png 480w, https:\/\/truemoments.ch\/wp-content\/uploads\/2025\/06\/Star-140x140.png 140w, https:\/\/truemoments.ch\/wp-content\/uploads\/2025\/06\/Star-550x550.png 550w, https:\/\/truemoments.ch\/wp-content\/uploads\/2025\/06\/Star-100x100.png 100w\" sizes=\"auto, (max-width: 600px) 100vw, 600px\" \/><\/div>\r\n\t    <\/div>\r\n\t    <div class=\"name-wrap\" style=\"margin-bottom:18px;\">\r\n\t    \t<div class=\"name-pos\" style=\"\"><h6 class=\"name\" style=\"\"><span>Cliente internazionale di lunga data \u2014 Health Tech: personal care, medical devices, lifestyle.<\/span><\/h6> <span class=\"position\" style=\"\">Direttrice generale<\/span><\/div>\r\n\t    <\/div>\r\n\t    <div class=\"text-wrap\">\r\n\t    <blockquote class=\"text\" style=\"font-style:normal;\"><p><span>Collaboriamo con True Moments da diversi anni e apprezziamo moltissimo la collaborazione. Marcel Niedermann e il suo team si distinguono per l\u2019elevata competenza, l\u2019affidabilit\u00e0 e un approccio al lavoro al tempo stesso piacevole e professionale. Da sottolineare in particolare la solida conoscenza del settore, sempre applicata con chiarezza e orientamento agli obiettivi.  <\/span><span>Raccomandiamo True Moments con convinzione e senza esitazione.<\/span><\/p>\n<\/blockquote>\r\n\t    <\/div>\r\n    <\/div>\r\n    <\/div><\/div>\r\n\t<\/div>\r\n\t<div class=\"bauer-spacer clearfix\" data-desktop=\"60\" data-mobi=\"40\" data-smobi=\"40\"><\/div>[\/vc_column][\/vc_row][\/vc_section][vc_row css=&#8221;.vc_custom_1675512555647{background-position: center !important;background-repeat: no-repeat !important;background-size: cover !important;}&#8221;][vc_column]\r\n\t<div class=\"bauer-spacer clearfix\" data-desktop=\"80\" data-mobi=\"60\" data-smobi=\"60\"><\/div>[vc_row_inner column_inner_spacing=&#8221;65&#8243;][vc_column_inner]<h2 class=\"bauer-text clearfix text-center\" style=\"font-size:42px;line-height:50px;margin-bottom:32px;max-width:1200px;margin-left: auto; margin-right: auto;\"><p><span class=\"font-weight-300\">Non vediamo l\u2019ora di conoscere Lei e il Suo progetto. Mettiamo con piacere la nostra competenza al Suo servizio. <\/span><\/p>\n<\/h2>\r\n\t<div class=\"bauer-spacer clearfix\" data-desktop=\"50\" data-mobi=\"10\" data-smobi=\"10\"><\/div><div class=\"bauer-align-box text-center\"><div class=\"button-wrap icon-right\" style=\"\" ><a href=\"https:\/\/truemoments.ch\/it\/kontakt\/\" target=\"_self\" class=\"bauer-button btn-182864809 medium no_icon custom outline solid custom\" style=\"border-radius:30px;border-width:2px;\"  data-background=\"#009dd8\" data-border=\"#009dd8\" data-text=\"#ffffff\" data-text-hover=\"#009dd8\" data-background-hover=\"#ffffff\" data-border-hover=\"#009dd8\" data-icon-hover=\"#009dd8\">\r\n\t\t<span style=\"\">Ci contatti <\/span>\r\n\t<\/a><\/div><\/div>[\/vc_column_inner][\/vc_row_inner]\r\n\t<div class=\"bauer-spacer clearfix\" data-desktop=\"80\" data-mobi=\"80\" data-smobi=\"80\"><\/div>[\/vc_column][\/vc_row]<\/p>\n<\/section>","protected":false},"excerpt":{"rendered":"<p>[vc_row css=&#8221;.vc_custom_1558754119849{background-image: url(https:\/\/truemoments.ch\/wp-content\/uploads\/2019\/05\/main-bg-1.png?id=8860) !important;background-position: center !important;background-repeat: no-repeat !important;background-size: cover !important;}&#8221; el_id=&#8221;first-row&#8221;][vc_column][vc_row_inner][vc_column_inner width=&#8221;1\/2&#8243;][\/vc_column_inner][vc_column_inner width=&#8221;1\/2&#8243;][\/vc_column_inner][\/vc_row_inner][\/vc_column][\/vc_row][vc_section css=&#8221;.vc_custom_1687433645270{background-color: #f9fafc !important;}&#8221;][vc_row][vc_column][\/vc_column][\/vc_row][vc_row el_id=&#8221;jd_add&#8221; css=&#8221;.vc_custom_1751307226865{background-image: url(https:\/\/truemoments.ch\/wp-content\/uploads\/2023\/06\/My-project.png?id=10487) !important;background-position: 0 0 !important;background-repeat: no-repeat !important;}&#8221;][vc_column width=&#8221;1\/4&#8243;][\/vc_column][vc_column width=&#8221;3\/4&#8243;][\/vc_column][\/vc_row][\/vc_section][vc_row css=&#8221;.vc_custom_1675512555647{background-position: center !important;background-repeat: no-repeat !important;background-size: cover !important;}&#8221;][vc_column][vc_row_inner column_inner_spacing=&#8221;65&#8243;][vc_column_inner][\/vc_column_inner][\/vc_row_inner][\/vc_column][\/vc_row]<\/p>\n","protected":false},"author":1,"featured_media":0,"parent":0,"menu_order":0,"comment_status":"closed","ping_status":"closed","template":"","meta":{"footnotes":""},"class_list":["post-10907","page","type-page","status-publish","hentry"],"_links":{"self":[{"href":"https:\/\/truemoments.ch\/it\/wp-json\/wp\/v2\/pages\/10907","targetHints":{"allow":["GET"]}}],"collection":[{"href":"https:\/\/truemoments.ch\/it\/wp-json\/wp\/v2\/pages"}],"about":[{"href":"https:\/\/truemoments.ch\/it\/wp-json\/wp\/v2\/types\/page"}],"author":[{"embeddable":true,"href":"https:\/\/truemoments.ch\/it\/wp-json\/wp\/v2\/users\/1"}],"replies":[{"embeddable":true,"href":"https:\/\/truemoments.ch\/it\/wp-json\/wp\/v2\/comments?post=10907"}],"version-history":[{"count":27,"href":"https:\/\/truemoments.ch\/it\/wp-json\/wp\/v2\/pages\/10907\/revisions"}],"predecessor-version":[{"id":11787,"href":"https:\/\/truemoments.ch\/it\/wp-json\/wp\/v2\/pages\/10907\/revisions\/11787"}],"wp:attachment":[{"href":"https:\/\/truemoments.ch\/it\/wp-json\/wp\/v2\/media?parent=10907"}],"curies":[{"name":"wp","href":"https:\/\/api.w.org\/{rel}","templated":true}]}}